{"id":3903,"date":"2026-04-27T18:48:32","date_gmt":"2026-04-27T18:48:32","guid":{"rendered":"https:\/\/jsemproduction.com\/bloc\/"},"modified":"2026-04-29T20:50:04","modified_gmt":"2026-04-29T20:50:04","slug":"bloc","status":"publish","type":"page","link":"https:\/\/jsemproduction.com\/ca\/bloc\/","title":{"rendered":"Bloc"},"content":{"rendered":"\t\t<div data-elementor-type=\"wp-page\" data-elementor-id=\"3903\" class=\"elementor elementor-3903 elementor-3682\" data-elementor-post-type=\"page\">\n\t\t\t\t<div class=\"elementor-element elementor-element-f1da077 e-con-full e-flex e-con e-parent\" data-id=\"f1da077\" data-element_type=\"container\" data-e-type=\"container\" data-settings=\"{&quot;background_background&quot;:&quot;classic&quot;}\">\n\t\t<div class=\"elementor-element elementor-element-633f092 e-con-full e-flex e-con e-child\" data-id=\"633f092\" data-element_type=\"container\" data-e-type=\"container\">\n\t\t\t\t<div class=\"elementor-element elementor-element-08eaef5 elementor-widget elementor-widget-hfe-breadcrumbs-widget\" data-id=\"08eaef5\" data-element_type=\"widget\" data-e-type=\"widget\" data-widget_type=\"hfe-breadcrumbs-widget.default\">\n\t\t\t\t<div class=\"elementor-widget-container\">\n\t\t\t\t\t<nav aria-label=\"Breadcrumb\"><ul class=\"hfe-breadcrumbs hfe-breadcrumbs-show-home\"><li class=\"hfe-breadcrumbs-item hfe-breadcrumbs-first\"><span class=\"hfe-breadcrumbs-home-icon\"><svg aria-hidden=\"true\" class=\"e-font-icon-svg e-fas-home\" viewBox=\"0 0 576 512\" xmlns=\"http:\/\/www.w3.org\/2000\/svg\"><path d=\"M280.37 148.26L96 300.11V464a16 16 0 0 0 16 16l112.06-.29a16 16 0 0 0 15.92-16V368a16 16 0 0 1 16-16h64a16 16 0 0 1 16 16v95.64a16 16 0 0 0 16 16.05L464 480a16 16 0 0 0 16-16V300L295.67 148.26a12.19 12.19 0 0 0-15.3 0zM571.6 251.47L488 182.56V44.05a12 12 0 0 0-12-12h-56a12 12 0 0 0-12 12v72.61L318.47 43a48 48 0 0 0-61 0L4.34 251.47a12 12 0 0 0-1.6 16.9l25.5 31A12 12 0 0 0 45.15 301l235.22-193.74a12.19 12.19 0 0 1 15.3 0L530.9 301a12 12 0 0 0 16.9-1.6l25.5-31a12 12 0 0 0-1.7-16.93z\"><\/path><\/svg><\/span><a href=\"https:\/\/jsemproduction.com\/ca\/\"><span class=\"hfe-breadcrumbs-text\">Benvingut\/da<\/span><\/a><\/li><\/ul><\/nav>\t\t\t\t<\/div>\n\t\t\t\t<\/div>\n\t\t\t\t<div class=\"elementor-element elementor-element-dcf9436 elementor-widget elementor-widget-heading\" data-id=\"dcf9436\" data-element_type=\"widget\" data-e-type=\"widget\" data-widget_type=\"heading.default\">\n\t\t\t\t\t<h1 class=\"elementor-heading-title elementor-size-default\">Blog \u2014 Consells web, SEO i creaci\u00f3\n del lloc web per JSEM Production<\/h1>\t\t\t\t<\/div>\n\t\t\t\t<div class=\"elementor-element elementor-element-e612b7e elementor-widget elementor-widget-text-editor\" data-id=\"e612b7e\" data-element_type=\"widget\" data-e-type=\"widget\" data-widget_type=\"text-editor.default\">\n\t\t\t\t\t\t\t\t\t<p data-start=\"456\" data-end=\"831\">Cada setmana, J\u00e9r\u00e9my S. comparteix les seves an\u00e0lisis i experi\u00e8ncies sobre creaci\u00f3 de llocs web, SEO, manteniment de WordPress i tend\u00e8ncies digitals que impacten directament en la visibilitat de les empreses a Andorra, Fran\u00e7a i Europa. Contingut t\u00e8cnic, pr\u00e0ctic i directament aplicable, sense argot innecessari. <\/p>\t\t\t\t\t\t\t\t<\/div>\n\t\t\t\t<\/div>\n\t\t\t\t<\/div>\n\t\t\t\t<section class=\"elementor-section elementor-top-section elementor-element elementor-element-409084e1 elementor-section-full_width elementor-section-height-default elementor-section-height-default\" data-id=\"409084e1\" data-element_type=\"section\" data-e-type=\"section\" data-settings=\"{&quot;background_background&quot;:&quot;classic&quot;}\">\n\t\t\t\t\t\t<div class=\"elementor-container elementor-column-gap-default\">\n\t\t\t\t\t<div class=\"elementor-column elementor-col-100 elementor-top-column elementor-element elementor-element-24af22dd\" data-id=\"24af22dd\" data-element_type=\"column\" data-e-type=\"column\">\n\t\t\t<div class=\"elementor-widget-wrap elementor-element-populated\">\n\t\t\t\t\t\t<div class=\"elementor-element elementor-element-b4dcd4c elementor-widget elementor-widget-elementskit-blog-posts\" data-id=\"b4dcd4c\" data-element_type=\"widget\" data-e-type=\"widget\" data-widget_type=\"elementskit-blog-posts.default\">\n\t\t\t\t\t<div class=\"ekit-wid-con\" >        <div id=\"post-items--b4dcd4c\" class=\"row post-items\">\n                    <div class=\"col-lg-4 col-md-6\">\n\n                                    <div class=\"elementskit-post-image-card\">\n                        <div class=\"elementskit-entry-header\">\n                                                            <a href=\"https:\/\/jsemproduction.com\/ca\/blog\/creacio-de-llocs-web\/quant-costa-un-lloc-web-el-2026-la-taula-completa\/\" class=\"elementskit-entry-thumb\">\n                                    <img decoding=\"async\" src=\"https:\/\/jsemproduction.com\/wp-content\/uploads\/2026\/04\/creation-site-internet-1024x683.jpg\" alt=\"Quant costa un lloc web el 2026? La taula completa\">\n                                <\/a><!-- .elementskit-entry-thumb END -->\n                                                            \n                                                            <div class=\"elementskit-meta-categories\">\n                                    <span class=\"elementskit-meta-wraper\">\n                                        <span><a href=\"https:\/\/jsemproduction.com\/ca\/blog\/category\/creacio-de-llocs-web\/\" rel=\"category tag\">Creaci\u00f3 de llocs web<\/a><\/span>\n                                    <\/span>\n                                <\/div>\n                            \n\t\t\t\t\t\t\t\t\t\t\t\t\t<\/div><!-- .elementskit-entry-header END -->\n\n\t\t\t\t\t\t<div class=\"elementskit-post-body \">\n\t\t\t\t\t\t\t\n\t\t\t\t\t\t\t\t\t\t\t\t\t\t\t\t\t\t\t\t\t\t\t\t\t\t\t\t\t\t\n\t\t\t\t\t\t\t\t\n\t\t\t\t\t\t\t\t\t\t\t\t\t\t\t\t\t\t\t\t\t<h2 class=\"entry-title\">\n\t\t\t\t\t<a href=\"https:\/\/jsemproduction.com\/ca\/blog\/creacio-de-llocs-web\/quant-costa-un-lloc-web-el-2026-la-taula-completa\/\">\n\t\t\t\t\t\tQuant costa un lloc web el 2026? La taula completa\t\t\t\t\t<\/a>\n\t\t\t\t<\/h2>\n\t\t\t\t\t\t\t\t\t\t\t\t\t\t\t\t\t\t\t\t\t\t\t\t\t\t\t\t\t\t\t\t\t\t\t\t\t\t\t\t\t\t<p>Quant costa un lloc web el 2026? La llista completa de preus | JSEM Production Benvingut\/da \/ Bloc \/ Creaci\u00f3&hellip;<\/p>\n\t\t\t\t\t\t\t\t\t\t\t\t\t\t\t\t\t\t\t\t\t\t                                                            <div class=\"btn-wraper\">\n                                    \n                                                                            <a class=\"elementskit-btn whitespace--normal\" id=\"\" href=\"https:\/\/jsemproduction.com\/ca\/blog\/creacio-de-llocs-web\/quant-costa-un-lloc-web-el-2026-la-taula-completa\/\">\n                                        \t                                            Llegeix l&#039;article                                        <\/a>\n                                                                    <\/div>\n                                                    <\/div><!-- .elementskit-post-body END -->\n                    <\/div>\n                \n            <\/div>\n                    <div class=\"col-lg-4 col-md-6\">\n\n                                    <div class=\"elementskit-post-image-card\">\n                        <div class=\"elementskit-entry-header\">\n                                                            <a href=\"https:\/\/jsemproduction.com\/ca\/blog\/creacio-de-llocs-web\/per-que-la-creacio-dun-lloc-web-premium-es-un-motor-de-creixement-el-2026\/\" class=\"elementskit-entry-thumb\">\n                                    <img decoding=\"async\" src=\"https:\/\/jsemproduction.com\/wp-content\/uploads\/2026\/02\/agence-de-marketing-web-andorre-scaled.jpg-1024x768.webp\" alt=\"Per qu\u00e8 la creaci\u00f3 d&#8217;un lloc web premium \u00e9s un motor de creixement el 2026?\">\n                                <\/a><!-- .elementskit-entry-thumb END -->\n                                                            \n                                                            <div class=\"elementskit-meta-categories\">\n                                    <span class=\"elementskit-meta-wraper\">\n                                        <span><a href=\"https:\/\/jsemproduction.com\/ca\/blog\/category\/creacio-de-llocs-web\/\" rel=\"category tag\">Creaci\u00f3 de llocs web<\/a><\/span>\n                                    <\/span>\n                                <\/div>\n                            \n\t\t\t\t\t\t\t\t\t\t\t\t\t<\/div><!-- .elementskit-entry-header END -->\n\n\t\t\t\t\t\t<div class=\"elementskit-post-body \">\n\t\t\t\t\t\t\t\n\t\t\t\t\t\t\t\t\t\t\t\t\t\t\t\t\t\t\t\t\t\t\t\t\t\t\t\t\t\t\n\t\t\t\t\t\t\t\t\n\t\t\t\t\t\t\t\t\t\t\t\t\t\t\t\t\t\t\t\t\t<h2 class=\"entry-title\">\n\t\t\t\t\t<a href=\"https:\/\/jsemproduction.com\/ca\/blog\/creacio-de-llocs-web\/per-que-la-creacio-dun-lloc-web-premium-es-un-motor-de-creixement-el-2026\/\">\n\t\t\t\t\t\tPer qu\u00e8 la creaci\u00f3 d&#8217;un lloc web premium \u00e9s un motor de creixement el 2026?\t\t\t\t\t<\/a>\n\t\t\t\t<\/h2>\n\t\t\t\t\t\t\t\t\t\t\t\t\t\t\t\t\t\t\t\t\t\t\t\t\t\t\t\t\t\t\t\t\t\t\t\t\t\t\t\t\t\t<p>Template Article Blog \u2014 JSEM Production Accueil \/ Blog \/ Cr\u00e9ation site internet Cr\u00e9ation site internet 27 Avril 2026 8&hellip;<\/p>\n\t\t\t\t\t\t\t\t\t\t\t\t\t\t\t\t\t\t\t\t\t\t                                                            <div class=\"btn-wraper\">\n                                    \n                                                                            <a class=\"elementskit-btn whitespace--normal\" id=\"\" href=\"https:\/\/jsemproduction.com\/ca\/blog\/creacio-de-llocs-web\/per-que-la-creacio-dun-lloc-web-premium-es-un-motor-de-creixement-el-2026\/\">\n                                        \t                                            Llegeix l&#039;article                                        <\/a>\n                                                                    <\/div>\n                                                    <\/div><!-- .elementskit-post-body END -->\n                    <\/div>\n                \n            <\/div>\n                <\/div>\n       <\/div>\t\t\t\t<\/div>\n\t\t\t\t\t<\/div>\n\t\t<\/div>\n\t\t\t\t\t<\/div>\n\t\t<\/section>\n\t\t\t\t<\/div>\n\t\t","protected":false},"excerpt":{"rendered":"<p>Benvingut\/da Blog \u2014 Consells web, SEO i creaci\u00f3 del lloc web per JSEM Production Cada setmana, J\u00e9r\u00e9my S. comparteix les seves an\u00e0lisis i experi\u00e8ncies sobre creaci\u00f3 de llocs web, SEO, manteniment de WordPress i tend\u00e8ncies digitals que impacten directament en la visibilitat de les empreses a Andorra, Fran\u00e7a i Europa. Contingut t\u00e8cnic, pr\u00e0ctic i directament [&hellip;]<\/p>\n","protected":false},"author":1,"featured_media":0,"parent":0,"menu_order":0,"comment_status":"closed","ping_status":"closed","template":"elementor_header_footer","meta":{"iawp_total_views":0,"footnotes":""},"class_list":["post-3903","page","type-page","status-publish","hentry"],"_links":{"self":[{"href":"https:\/\/jsemproduction.com\/ca\/wp-json\/wp\/v2\/pages\/3903","targetHints":{"allow":["GET"]}}],"collection":[{"href":"https:\/\/jsemproduction.com\/ca\/wp-json\/wp\/v2\/pages"}],"about":[{"href":"https:\/\/jsemproduction.com\/ca\/wp-json\/wp\/v2\/types\/page"}],"author":[{"embeddable":true,"href":"https:\/\/jsemproduction.com\/ca\/wp-json\/wp\/v2\/users\/1"}],"replies":[{"embeddable":true,"href":"https:\/\/jsemproduction.com\/ca\/wp-json\/wp\/v2\/comments?post=3903"}],"version-history":[{"count":3,"href":"https:\/\/jsemproduction.com\/ca\/wp-json\/wp\/v2\/pages\/3903\/revisions"}],"predecessor-version":[{"id":4957,"href":"https:\/\/jsemproduction.com\/ca\/wp-json\/wp\/v2\/pages\/3903\/revisions\/4957"}],"wp:attachment":[{"href":"https:\/\/jsemproduction.com\/ca\/wp-json\/wp\/v2\/media?parent=3903"}],"curies":[{"name":"wp","href":"https:\/\/api.w.org\/{rel}","templated":true}]}}