{"id":3917,"date":"2026-04-27T13:44:16","date_gmt":"2026-04-27T13:44:16","guid":{"rendered":"https:\/\/jsemproduction.com\/mapa-del-lloc\/"},"modified":"2026-04-27T21:04:24","modified_gmt":"2026-04-27T21:04:24","slug":"mapa-del-lloc","status":"publish","type":"page","link":"https:\/\/jsemproduction.com\/ca\/mapa-del-lloc\/","title":{"rendered":"Mapa del lloc"},"content":{"rendered":"\t\t<div data-elementor-type=\"wp-page\" data-elementor-id=\"3917\" class=\"elementor elementor-3917 elementor-3606\" data-elementor-post-type=\"page\">\n\t\t\t\t<div class=\"elementor-element elementor-element-c34b3dd e-flex e-con-boxed e-con e-parent\" data-id=\"c34b3dd\" data-element_type=\"container\" data-e-type=\"container\">\n\t\t\t\t\t<div class=\"e-con-inner\">\n\t\t\t\t<div class=\"elementor-element elementor-element-ff5ea47 elementor-widget elementor-widget-shortcode\" data-id=\"ff5ea47\" data-element_type=\"widget\" data-e-type=\"widget\" data-widget_type=\"shortcode.default\">\n\t\t\t\t\t\t\t<div class=\"elementor-shortcode\"><div class=\"rank-math-html-sitemap\"><div class=\"rank-math-html-sitemap__section rank-math-html-sitemap__section--post-type rank-math-html-sitemap__section--post\"><h2 class=\"rank-math-html-sitemap__title\">Entrades<\/h2><ul class=\"rank-math-html-sitemap__list\"><li class=\"rank-math-html-sitemap__item\"><a href=\"https:\/\/jsemproduction.com\/ca\/blog\/creacio-de-llocs-web\/quant-costa-un-lloc-web-el-2026-la-taula-completa\/\" class=\"rank-math-html-sitemap__link\">Quant costa un lloc web el 2026? La taula completa<\/a> <span class=\"rank-math-html-sitemap__date\">(abril 27, 2026)<\/span><\/li><li class=\"rank-math-html-sitemap__item\"><a href=\"https:\/\/jsemproduction.com\/ca\/blog\/creacio-de-llocs-web\/per-que-la-creacio-dun-lloc-web-premium-es-un-motor-de-creixement-el-2026\/\" class=\"rank-math-html-sitemap__link\">Per qu\u00e8 la creaci\u00f3 d&#039;un lloc web premium \u00e9s un motor de creixement el 2026?<\/a> <span class=\"rank-math-html-sitemap__date\">(febrer 25, 2026)<\/span><\/li><\/ul><\/div><div class=\"rank-math-html-sitemap__section rank-math-html-sitemap__section--post-type rank-math-html-sitemap__section--page\"><h2 class=\"rank-math-html-sitemap__title\">P\u00e0gines<\/h2><ul class=\"rank-math-html-sitemap__list\"><li class=\"rank-math-html-sitemap__item\"><a href=\"https:\/\/jsemproduction.com\/ca\/bloc\/\" class=\"rank-math-html-sitemap__link\">Bloc<\/a> <span class=\"rank-math-html-sitemap__date\">(abril 27, 2026)<\/span><\/li><li class=\"rank-math-html-sitemap__item\"><a href=\"https:\/\/jsemproduction.com\/ca\/politica-de-privacitat\/\" class=\"rank-math-html-sitemap__link\">Pol\u00edtica de privacitat<\/a> <span class=\"rank-math-html-sitemap__date\">(abril 26, 2026)<\/span><\/li><li class=\"rank-math-html-sitemap__item\"><a href=\"https:\/\/jsemproduction.com\/ca\/manteniment-del-lloc-web\/\" class=\"rank-math-html-sitemap__link\">Manteniment del lloc web<\/a> <span class=\"rank-math-html-sitemap__date\">(abril 23, 2026)<\/span><ul class=\"rank-math-html-sitemap__list\"><li class=\"rank-math-html-sitemap__item\"><a href=\"https:\/\/jsemproduction.com\/ca\/manteniment-del-lloc-web\/allotjament\/\" class=\"rank-math-html-sitemap__link\">Allotjament<\/a> <span class=\"rank-math-html-sitemap__date\">(abril 23, 2026)<\/span><\/li><li class=\"rank-math-html-sitemap__item\"><a href=\"https:\/\/jsemproduction.com\/ca\/manteniment-del-lloc-web\/comerc-electronic\/\" class=\"rank-math-html-sitemap__link\">Comer\u00e7 electr\u00f2nic<\/a> <span class=\"rank-math-html-sitemap__date\">(abril 23, 2026)<\/span><\/li><li class=\"rank-math-html-sitemap__item\"><a href=\"https:\/\/jsemproduction.com\/ca\/manteniment-del-lloc-web\/wordpress\/\" class=\"rank-math-html-sitemap__link\">WordPress<\/a> <span class=\"rank-math-html-sitemap__date\">(abril 23, 2026)<\/span><\/li><\/ul><\/li><li class=\"rank-math-html-sitemap__item\"><a href=\"https:\/\/jsemproduction.com\/ca\/simulador-de-preus-de-llocs-web\/\" class=\"rank-math-html-sitemap__link\">Simulador de preus de llocs web<\/a> <span class=\"rank-math-html-sitemap__date\">(abril 23, 2026)<\/span><\/li><li class=\"rank-math-html-sitemap__item\"><a href=\"https:\/\/jsemproduction.com\/ca\/creacio-de-llocs-web\/\" class=\"rank-math-html-sitemap__link\">Creaci\u00f3 de llocs web<\/a> <span class=\"rank-math-html-sitemap__date\">(febrer 20, 2026)<\/span><ul class=\"rank-math-html-sitemap__list\"><li class=\"rank-math-html-sitemap__item\"><a href=\"https:\/\/jsemproduction.com\/ca\/creacio-de-llocs-web\/redisseny\/\" class=\"rank-math-html-sitemap__link\">Redisseny<\/a> <span class=\"rank-math-html-sitemap__date\">(abril 23, 2026)<\/span><\/li><li class=\"rank-math-html-sitemap__item\"><a href=\"https:\/\/jsemproduction.com\/ca\/creacio-de-llocs-web\/fet-a-mida\/\" class=\"rank-math-html-sitemap__link\">Fet a mida<\/a> <span class=\"rank-math-html-sitemap__date\">(abril 23, 2026)<\/span><\/li><li class=\"rank-math-html-sitemap__item\"><a href=\"https:\/\/jsemproduction.com\/ca\/creacio-de-llocs-web\/comerc-electronic\/\" class=\"rank-math-html-sitemap__link\">Comer\u00e7 electr\u00f2nic<\/a> <span class=\"rank-math-html-sitemap__date\">(abril 23, 2026)<\/span><\/li><li class=\"rank-math-html-sitemap__item\"><a href=\"https:\/\/jsemproduction.com\/ca\/creacio-de-llocs-web\/aparador\/\" class=\"rank-math-html-sitemap__link\">Aparador<\/a> <span class=\"rank-math-html-sitemap__date\">(abril 23, 2026)<\/span><\/li><li class=\"rank-math-html-sitemap__item\"><a href=\"https:\/\/jsemproduction.com\/ca\/creacio-de-llocs-web\/sector\/\" class=\"rank-math-html-sitemap__link\">Sector<\/a> <span class=\"rank-math-html-sitemap__date\">(abril 23, 2026)<\/span><ul class=\"rank-math-html-sitemap__list\"><li class=\"rank-math-html-sitemap__item\"><a href=\"https:\/\/jsemproduction.com\/ca\/creacio-de-llocs-web\/sector\/bellesa\/\" class=\"rank-math-html-sitemap__link\">Bellesa<\/a> <span class=\"rank-math-html-sitemap__date\">(abril 26, 2026)<\/span><\/li><li class=\"rank-math-html-sitemap__item\"><a href=\"https:\/\/jsemproduction.com\/ca\/creacio-de-llocs-web\/sector\/esport\/\" class=\"rank-math-html-sitemap__link\">Esport<\/a> <span class=\"rank-math-html-sitemap__date\">(abril 23, 2026)<\/span><\/li><li class=\"rank-math-html-sitemap__item\"><a href=\"https:\/\/jsemproduction.com\/ca\/creacio-de-llocs-web\/sector\/bens-immobles\/\" class=\"rank-math-html-sitemap__link\">B\u00e9ns immobles<\/a> <span class=\"rank-math-html-sitemap__date\">(abril 23, 2026)<\/span><\/li><li class=\"rank-math-html-sitemap__item\"><a href=\"https:\/\/jsemproduction.com\/ca\/creacio-de-llocs-web\/sector\/viticultura\/\" class=\"rank-math-html-sitemap__link\">Viticultura<\/a> <span class=\"rank-math-html-sitemap__date\">(abril 23, 2026)<\/span><\/li><li class=\"rank-math-html-sitemap__item\"><a href=\"https:\/\/jsemproduction.com\/ca\/creacio-de-llocs-web\/sector\/salut\/\" class=\"rank-math-html-sitemap__link\">Salut<\/a> <span class=\"rank-math-html-sitemap__date\">(abril 23, 2026)<\/span><\/li><li class=\"rank-math-html-sitemap__item\"><a href=\"https:\/\/jsemproduction.com\/ca\/creacio-de-llocs-web\/sector\/veterinari\/\" class=\"rank-math-html-sitemap__link\">Veterinari<\/a> <span class=\"rank-math-html-sitemap__date\">(abril 23, 2026)<\/span><\/li><li class=\"rank-math-html-sitemap__item\"><a href=\"https:\/\/jsemproduction.com\/ca\/creacio-de-llocs-web\/sector\/comerc-electronic\/\" class=\"rank-math-html-sitemap__link\">Comer\u00e7 electr\u00f2nic<\/a> <span class=\"rank-math-html-sitemap__date\">(abril 23, 2026)<\/span><\/li><li class=\"rank-math-html-sitemap__item\"><a href=\"https:\/\/jsemproduction.com\/ca\/creacio-de-llocs-web\/sector\/artesa\/\" class=\"rank-math-html-sitemap__link\">Artes\u00e0<\/a> <span class=\"rank-math-html-sitemap__date\">(abril 23, 2026)<\/span><\/li><li class=\"rank-math-html-sitemap__item\"><a href=\"https:\/\/jsemproduction.com\/ca\/creacio-de-llocs-web\/sector\/nautica\/\" class=\"rank-math-html-sitemap__link\">N\u00e0utica<\/a> <span class=\"rank-math-html-sitemap__date\">(abril 23, 2026)<\/span><\/li><li class=\"rank-math-html-sitemap__item\"><a href=\"https:\/\/jsemproduction.com\/ca\/creacio-de-llocs-web\/sector\/restaurant\/\" class=\"rank-math-html-sitemap__link\">Restaurant<\/a> <span class=\"rank-math-html-sitemap__date\">(abril 23, 2026)<\/span><\/li><li class=\"rank-math-html-sitemap__item\"><a href=\"https:\/\/jsemproduction.com\/ca\/creacio-de-llocs-web\/sector\/hotel\/\" class=\"rank-math-html-sitemap__link\">Hotel<\/a> <span class=\"rank-math-html-sitemap__date\">(abril 23, 2026)<\/span><\/li><li class=\"rank-math-html-sitemap__item\"><a href=\"https:\/\/jsemproduction.com\/ca\/creacio-de-llocs-web\/sector\/especialista-en-audiofons\/\" class=\"rank-math-html-sitemap__link\">Especialista en audi\u00f2fons<\/a> <span class=\"rank-math-html-sitemap__date\">(abril 23, 2026)<\/span><\/li><\/ul><\/li><\/ul><\/li><li class=\"rank-math-html-sitemap__item\"><a href=\"https:\/\/jsemproduction.com\/ca\/referencia-seo\/\" class=\"rank-math-html-sitemap__link\">Refer\u00e8ncia SEO<\/a> <span class=\"rank-math-html-sitemap__date\">(febrer 19, 2026)<\/span><ul class=\"rank-math-html-sitemap__list\"><li class=\"rank-math-html-sitemap__item\"><a href=\"https:\/\/jsemproduction.com\/ca\/referencia-seo\/comerc-electronic\/\" class=\"rank-math-html-sitemap__link\">Comer\u00e7 electr\u00f2nic<\/a> <span class=\"rank-math-html-sitemap__date\">(abril 23, 2026)<\/span><\/li><li class=\"rank-math-html-sitemap__item\"><a href=\"https:\/\/jsemproduction.com\/ca\/referencia-seo\/local\/\" class=\"rank-math-html-sitemap__link\">Local<\/a> <span class=\"rank-math-html-sitemap__date\">(abril 23, 2026)<\/span><\/li><li class=\"rank-math-html-sitemap__item\"><a href=\"https:\/\/jsemproduction.com\/ca\/referencia-seo\/auditoria\/\" class=\"rank-math-html-sitemap__link\">Auditoria<\/a> <span class=\"rank-math-html-sitemap__date\">(abril 23, 2026)<\/span><\/li><\/ul><\/li><li class=\"rank-math-html-sitemap__item\"><a href=\"https:\/\/jsemproduction.com\/ca\/\" class=\"rank-math-html-sitemap__link\">Benvingut\/da<\/a> <span class=\"rank-math-html-sitemap__date\">(febrer 19, 2026)<\/span><\/li><li class=\"rank-math-html-sitemap__item\"><a href=\"https:\/\/jsemproduction.com\/ca\/contacte\/\" class=\"rank-math-html-sitemap__link\">Contacte<\/a> <span class=\"rank-math-html-sitemap__date\">(octubre 22, 2024)<\/span><\/li><li class=\"rank-math-html-sitemap__item\"><a href=\"https:\/\/jsemproduction.com\/ca\/els-nostres-exits\/\" class=\"rank-math-html-sitemap__link\">Els nostres \u00e8xits<\/a> <span class=\"rank-math-html-sitemap__date\">(octubre 22, 2024)<\/span><\/li><li class=\"rank-math-html-sitemap__item\"><a href=\"https:\/\/jsemproduction.com\/ca\/agencia-web\/\" class=\"rank-math-html-sitemap__link\">Ag\u00e8ncia web<\/a> <span class=\"rank-math-html-sitemap__date\">(octubre 21, 2024)<\/span><ul class=\"rank-math-html-sitemap__list\"><li class=\"rank-math-html-sitemap__item\"><a href=\"https:\/\/jsemproduction.com\/ca\/agencia-web\/monaco\/\" class=\"rank-math-html-sitemap__link\">M\u00f2naco<\/a> <span class=\"rank-math-html-sitemap__date\">(abril 26, 2026)<\/span><\/li><li class=\"rank-math-html-sitemap__item\"><a href=\"https:\/\/jsemproduction.com\/ca\/agencia-web\/espanya\/\" class=\"rank-math-html-sitemap__link\">Espanya<\/a> <span class=\"rank-math-html-sitemap__date\">(abril 26, 2026)<\/span><\/li><li class=\"rank-math-html-sitemap__item\"><a href=\"https:\/\/jsemproduction.com\/ca\/agencia-web\/franca\/\" class=\"rank-math-html-sitemap__link\">Fran\u00e7a<\/a> <span class=\"rank-math-html-sitemap__date\">(abril 26, 2026)<\/span><ul class=\"rank-math-html-sitemap__list\"><li class=\"rank-math-html-sitemap__item\"><a href=\"https:\/\/jsemproduction.com\/ca\/agencia-web\/franca\/riviera-francesa\/\" class=\"rank-math-html-sitemap__link\">Riviera Francesa<\/a> <span class=\"rank-math-html-sitemap__date\">(abril 23, 2026)<\/span><ul class=\"rank-math-html-sitemap__list\"><li class=\"rank-math-html-sitemap__item\"><a href=\"https:\/\/jsemproduction.com\/ca\/agencia-web\/franca\/riviera-francesa\/nica\/\" class=\"rank-math-html-sitemap__link\">Ni\u00e7a<\/a> <span class=\"rank-math-html-sitemap__date\">(abril 26, 2026)<\/span><\/li><li class=\"rank-math-html-sitemap__item\"><a href=\"https:\/\/jsemproduction.com\/ca\/agencia-web\/franca\/riviera-francesa\/tolo\/\" class=\"rank-math-html-sitemap__link\">Tol\u00f3<\/a> <span class=\"rank-math-html-sitemap__date\">(abril 23, 2026)<\/span><\/li><\/ul><\/li><\/ul><\/li><li class=\"rank-math-html-sitemap__item\"><a href=\"https:\/\/jsemproduction.com\/ca\/agencia-web\/andorra\/\" class=\"rank-math-html-sitemap__link\">Andorra<\/a> <span class=\"rank-math-html-sitemap__date\">(abril 23, 2026)<\/span><\/li><\/ul><\/li><\/ul><\/div><div class=\"rank-math-html-sitemap__section rank-math-html-sitemap__section--post-type rank-math-html-sitemap__section--elementor-hf\"><h2 class=\"rank-math-html-sitemap__title\">Elementor Header &amp; Footer Builder<\/h2><ul class=\"rank-math-html-sitemap__list\"><li class=\"rank-math-html-sitemap__item\"><a href=\"https:\/\/jsemproduction.com\/ca\/blog\/elementor-hf\/capcalera-v3\/\" class=\"rank-math-html-sitemap__link\">Cap\u00e7alera-V3<\/a> <span class=\"rank-math-html-sitemap__date\">(octubre 24, 2024)<\/span><\/li><li class=\"rank-math-html-sitemap__item\"><a href=\"https:\/\/jsemproduction.com\/ca\/blog\/elementor-hf\/capcalera-v2\/\" class=\"rank-math-html-sitemap__link\">Cap\u00e7alera-V2<\/a> <span class=\"rank-math-html-sitemap__date\">(setembre 12, 2024)<\/span><\/li><li class=\"rank-math-html-sitemap__item\"><a href=\"https:\/\/jsemproduction.com\/ca\/blog\/elementor-hf\/peu-de-pagina\/\" class=\"rank-math-html-sitemap__link\">Peu de p\u00e0gina<\/a> <span class=\"rank-math-html-sitemap__date\">(setembre 12, 2024)<\/span><\/li><li class=\"rank-math-html-sitemap__item\"><a href=\"https:\/\/jsemproduction.com\/ca\/blog\/elementor-hf\/capcalera-v1\/\" class=\"rank-math-html-sitemap__link\">Cap\u00e7alera-V1<\/a> <span class=\"rank-math-html-sitemap__date\">(setembre 12, 2024)<\/span><\/li><\/ul><\/div><div class=\"rank-math-html-sitemap__section rank-math-html-sitemap__section--taxonomy rank-math-html-sitemap__section--category\"><h2 class=\"rank-math-html-sitemap__title\">Categories<\/h2><ul class=\"rank-math-html-sitemap__list\"><li class=\"rank-math-html-sitemap__item\"><a href=\"https:\/\/jsemproduction.com\/ca\/blog\/category\/creacio-de-llocs-web\/\" class=\"rank-math-html-sitemap__link\">Creaci\u00f3 de llocs web<\/a><\/li><\/ul><\/div><\/div><\/div>\n\t\t\t\t\t\t<\/div>\n\t\t\t\t\t<\/div>\n\t\t\t\t<\/div>\n\t\t\t\t<\/div>\n\t\t","protected":false},"excerpt":{"rendered":"","protected":false},"author":1,"featured_media":0,"parent":0,"menu_order":0,"comment_status":"closed","ping_status":"closed","template":"elementor_header_footer","meta":{"iawp_total_views":0,"footnotes":""},"class_list":["post-3917","page","type-page","status-publish","hentry"],"_links":{"self":[{"href":"https:\/\/jsemproduction.com\/ca\/wp-json\/wp\/v2\/pages\/3917","targetHints":{"allow":["GET"]}}],"collection":[{"href":"https:\/\/jsemproduction.com\/ca\/wp-json\/wp\/v2\/pages"}],"about":[{"href":"https:\/\/jsemproduction.com\/ca\/wp-json\/wp\/v2\/types\/page"}],"author":[{"embeddable":true,"href":"https:\/\/jsemproduction.com\/ca\/wp-json\/wp\/v2\/users\/1"}],"replies":[{"embeddable":true,"href":"https:\/\/jsemproduction.com\/ca\/wp-json\/wp\/v2\/comments?post=3917"}],"version-history":[{"count":1,"href":"https:\/\/jsemproduction.com\/ca\/wp-json\/wp\/v2\/pages\/3917\/revisions"}],"predecessor-version":[{"id":3918,"href":"https:\/\/jsemproduction.com\/ca\/wp-json\/wp\/v2\/pages\/3917\/revisions\/3918"}],"wp:attachment":[{"href":"https:\/\/jsemproduction.com\/ca\/wp-json\/wp\/v2\/media?parent=3917"}],"curies":[{"name":"wp","href":"https:\/\/api.w.org\/{rel}","templated":true}]}}