{"id":3938,"date":"2026-04-26T19:56:43","date_gmt":"2026-04-26T19:56:43","guid":{"rendered":"https:\/\/jsemproduction.com\/avis-legal\/"},"modified":"2026-04-27T21:04:35","modified_gmt":"2026-04-27T21:04:35","slug":"avis-legal","status":"publish","type":"page","link":"https:\/\/jsemproduction.com\/ca\/avis-legal\/","title":{"rendered":"Av\u00eds legal"},"content":{"rendered":"\t\t<div data-elementor-type=\"wp-page\" data-elementor-id=\"3938\" class=\"elementor elementor-3938 elementor-3422\" data-elementor-post-type=\"page\">\n\t\t\t\t<div class=\"elementor-element elementor-element-a1c16d0 e-con-full e-flex e-con e-parent\" data-id=\"a1c16d0\" data-element_type=\"container\" data-e-type=\"container\" data-settings=\"{&quot;background_background&quot;:&quot;classic&quot;}\">\n\t\t<div class=\"elementor-element elementor-element-f239dac e-con-full e-flex e-con e-child\" data-id=\"f239dac\" data-element_type=\"container\" data-e-type=\"container\" data-settings=\"{&quot;background_background&quot;:&quot;classic&quot;}\">\n\t\t\t\t<div class=\"elementor-element elementor-element-eb281be elementor-widget elementor-widget-heading\" data-id=\"eb281be\" data-element_type=\"widget\" data-e-type=\"widget\" data-widget_type=\"heading.default\">\n\t\t\t\t\t<h1 class=\"elementor-heading-title elementor-size-default\">AVISO LEGAL<\/h1>\t\t\t\t<\/div>\n\t\t\t\t<\/div>\n\t\t\t\t<\/div>\n\t\t<div class=\"elementor-element elementor-element-a17c329 e-flex e-con-boxed e-con e-parent\" data-id=\"a17c329\" data-element_type=\"container\" data-e-type=\"container\">\n\t\t\t\t\t<div class=\"e-con-inner\">\n\t\t\t\t<div class=\"elementor-element elementor-element-f0557f7 elementor-widget elementor-widget-text-editor\" data-id=\"f0557f7\" data-element_type=\"widget\" data-e-type=\"widget\" data-widget_type=\"text-editor.default\">\n\t\t\t\t\t\t\t\t\t<h3 class=\"text-text-100 mt-2 -mb-1 text-base font-bold\">1. Presentaci\u00f3 del lloc<\/h3><p class=\"font-claude-response-body break-words whitespace-normal leading-[1.7]\">De conformitat amb l&#8217;article 6 de la Llei n\u00fam. 2004-575, de 21 de juny de 2004, sobre la confian\u00e7a en l&#8217;economia digital, s&#8217;informa els usuaris del lloc web jsemproduction.com de la identitat de les diferents parts implicades en la seva creaci\u00f3 i manteniment.<\/p><p class=\"font-claude-response-body break-words whitespace-normal leading-[1.7]\"><strong>Propietari i editor:<\/strong> JSEM Production SLU, C\/ Callaueta, 8 1e 3a, AD500 Andorra la Vella, Principat d&#8217;Andorra. NRT: L-719294-M<\/p><p class=\"font-claude-response-body break-words whitespace-normal leading-[1.7]\"><strong>Responsable de publicaci\u00f3:<\/strong> J\u00e9r\u00e9my SEMENADISSE<\/p><p class=\"font-claude-response-body break-words whitespace-normal leading-[1.7]\"><strong>Webmaster:<\/strong> J\u00e9r\u00e9my SEMENADISSE <a class=\"underline underline underline-offset-2 decoration-1 decoration-current\/40 hover:decoration-current focus:decoration-current\" href=\"mailto:contact@jsemproduction.com\">contact@jsemproduction.com<\/a><\/p><p class=\"font-claude-response-body break-words whitespace-normal leading-[1.7]\"><strong>Prove\u00efdor d&#8217;allotjament:<\/strong> Hostinger International Ltd, 61 Lordou Vironos Street, 6023 Larnaca, Xipre <a class=\"underline underline underline-offset-2 decoration-1 decoration-current\/40 hover:decoration-current focus:decoration-current\" href=\"https:\/\/www.hostinger.fr\/\" target=\"_blank\" rel=\"noopener\">https:\/\/www.hostinger.fr<\/a><\/p><p class=\"font-claude-response-body break-words whitespace-normal leading-[1.7]\">\u2190 <a class=\"underline underline underline-offset-2 decoration-1 decoration-current\/40 hover:decoration-current focus:decoration-current\" href=\"https:\/\/jsemproduction.com\/ca\/\">Torna a la p\u00e0gina principal \u2014 jsemproduction.com<\/a><\/p><hr class=\"border-border-200 border-t-0.5 my-3 mx-1.5\"><h3 class=\"text-text-100 mt-2 -mb-1 text-base font-bold\">2. Condicions generals d&#8217;\u00fas<\/h3><p class=\"font-claude-response-body break-words whitespace-normal leading-[1.7]\">L&#8217;\u00fas del lloc web jsemproduction.com implica l&#8217;acceptaci\u00f3 plena i sense reserves dels termes i condicions d&#8217;\u00fas que es descriuen a continuaci\u00f3. Aquests termes i condicions d&#8217;\u00fas poden ser modificats o complementats en qualsevol moment. S&#8217;anima els usuaris del lloc web a consultar-los regularment.  <\/p><p class=\"font-claude-response-body break-words whitespace-normal leading-[1.7]\">Normalment, els usuaris poden accedir al lloc web en qualsevol moment. J\u00e9r\u00e9my SEMENADISSE pot decidir interrompre l&#8217;acc\u00e9s per manteniment t\u00e8cnic i s&#8217;esfor\u00e7ar\u00e0 per informar pr\u00e8viament els usuaris de les dates i hores de la intervenci\u00f3. <\/p><p class=\"font-claude-response-body break-words whitespace-normal leading-[1.7]\">El lloc web jsemproduction.com s&#8217;actualitza regularment per J\u00e9r\u00e9my SEMENADISSE. Els avisos legals poden ser modificats en qualsevol moment; tanmateix, s\u00f3n vinculants per a l&#8217;usuari, a qui s&#8217;aconsella que els consulti regularment. <\/p><hr class=\"border-border-200 border-t-0.5 my-3 mx-1.5\"><h3 class=\"text-text-100 mt-2 -mb-1 text-base font-bold\">3. Descripci\u00f3 dels serveis prestats<\/h3><p class=\"font-claude-response-body break-words whitespace-normal leading-[1.7]\">L&#8217;objectiu del lloc web jsemproduction.com \u00e9s presentar les activitats de JSEM Production SLU: creaci\u00f3 de llocs web personalitzats, referenciament SEO natural, manteniment de llocs web WordPress i comer\u00e7 electr\u00f2nic.<\/p><p class=\"font-claude-response-body break-words whitespace-normal leading-[1.7]\">J\u00e9r\u00e9my SEMENADISSE s&#8217;esfor\u00e7a per proporcionar la informaci\u00f3 m\u00e9s precisa possible al lloc web. Tanmateix, no es pot fer responsable de les omissions, inexactituds o errors d&#8217;actualitzaci\u00f3 de la informaci\u00f3, ja siguin deguts a accions pr\u00f2pies o de tercers socis. <\/p><p class=\"font-claude-response-body break-words whitespace-normal leading-[1.7]\">Tota la informaci\u00f3 proporcionada a jsemproduction.com \u00e9s nom\u00e9s amb finalitats informatives i est\u00e0 subjecta a canvis.<\/p><hr class=\"border-border-200 border-t-0.5 my-3 mx-1.5\"><h3 class=\"text-text-100 mt-2 -mb-1 text-base font-bold\">4. Propietat intel\u00b7lectual i falsificaci\u00f3<\/h3><p class=\"font-claude-response-body break-words whitespace-normal leading-[1.7]\">JSEM Production SLU \u00e9s la propiet\u00e0ria dels drets de propietat intel\u00b7lectual i t\u00e9 els drets d&#8217;\u00fas de tots els elements accessibles al lloc web, incloent-hi textos, imatges, gr\u00e0fics, logotips, icones, sons i programari.<\/p><p class=\"font-claude-response-body break-words whitespace-normal leading-[1.7]\">Qualsevol reproducci\u00f3, representaci\u00f3, modificaci\u00f3, publicaci\u00f3 o adaptaci\u00f3 de tots o part dels elements del lloc web, independentment del mitj\u00e0 o del proc\u00e9s utilitzat, est\u00e0 prohibida sense l&#8217;autoritzaci\u00f3 pr\u00e8via per escrit de J\u00e9r\u00e9my SEMENADISSE.<\/p><p class=\"font-claude-response-body break-words whitespace-normal leading-[1.7]\">Qualsevol \u00fas no autoritzat del lloc web o de qualsevol dels seus elements es considerar\u00e0 una infracci\u00f3 i es perseguir\u00e0 d&#8217;acord amb les disposicions dels articles L.335-2 i seg\u00fcents del Codi de la propietat intel\u00b7lectual.<\/p><hr class=\"border-border-200 border-t-0.5 my-3 mx-1.5\"><h3 class=\"text-text-100 mt-2 -mb-1 text-base font-bold\">5. Limitacions de responsabilitat<\/h3><p class=\"font-claude-response-body break-words whitespace-normal leading-[1.7]\">JSEM Production SLU no es fa responsable de cap dany directe o indirecte causat a l&#8217;equip de l&#8217;usuari en accedir al lloc web jsemproduction.com.<\/p><p class=\"font-claude-response-body break-words whitespace-normal leading-[1.7]\">JSEM Production SLU tampoc ser\u00e0 responsable dels danys indirectes (com ara la p\u00e8rdua de quota de mercat o la p\u00e8rdua d&#8217;oportunitats) derivats de l&#8217;\u00fas del lloc.<\/p><hr class=\"border-border-200 border-t-0.5 my-3 mx-1.5\"><h3 class=\"text-text-100 mt-2 -mb-1 text-base font-bold\">6. Hipervincles i galetes<\/h3><p class=\"font-claude-response-body break-words whitespace-normal leading-[1.7]\">El lloc web jsemproduction.com cont\u00e9 diversos hiperenlla\u00e7os a altres llocs web. Tanmateix, JSEM Production SLU no pot verificar el contingut d&#8217;aquests llocs externs i, per tant, no n&#8217;accepta cap responsabilitat. <\/p><p class=\"font-claude-response-body break-words whitespace-normal leading-[1.7]\">Navegar pel lloc web jsemproduction.com pot provocar la instal\u00b7laci\u00f3 de cookies a l&#8217;ordinador de l&#8217;usuari. Per a m\u00e9s informaci\u00f3 sobre les cookies utilitzades, consulteu la nostra Pol\u00edtica de privacitat. <\/p><hr class=\"border-border-200 border-t-0.5 my-3 mx-1.5\"><h3 class=\"text-text-100 mt-2 -mb-1 text-base font-bold\">7. Llei aplicable i jurisdicci\u00f3<\/h3><p class=\"font-claude-response-body break-words whitespace-normal leading-[1.7]\">Qualsevol controv\u00e8rsia relacionada amb l&#8217;\u00fas del lloc web jsemproduction.com est\u00e0 subjecta a les lleis del Principat d&#8217;Andorra. En cas de controv\u00e8rsia, la jurisdicci\u00f3 s&#8217;atorga als tribunals competents d&#8217;Andorra la Vella. <\/p><hr class=\"border-border-200 border-t-0.5 my-3 mx-1.5\"><h3 class=\"text-text-100 mt-2 -mb-1 text-base font-bold\">8. Principals lleis afectades<\/h3><p class=\"font-claude-response-body break-words whitespace-pre-wrap leading-[1.7]\">Llei n\u00fam. 78-17, del 6 de gener de 1978, sobre tecnologies de la informaci\u00f3, fitxers de dades i llibertats civils (modificada per la Llei n\u00fam. 2004-801, del 6 d&#8217;agost de 2004). Llei n\u00fam. 2004-575, del 21 de juny de 2004, sobre la confian\u00e7a en l&#8217;economia digital. Reglament general de protecci\u00f3 de dades (RGPD): Reglament UE 2016\/679.  <\/p><hr class=\"border-border-200 border-t-0.5 my-3 mx-1.5\"><p class=\"font-claude-response-body break-words whitespace-normal leading-[1.7]\">\u2190 <a class=\"underline underline underline-offset-2 decoration-1 decoration-current\/40 hover:decoration-current focus:decoration-current\" href=\"https:\/\/jsemproduction.com\/ca\/\">Torna a la p\u00e0gina principal \u2014 jsemproduction.com<\/a><\/p><p> <\/p><p class=\"font-claude-response-body break-words whitespace-normal leading-[1.7]\"> <\/p>\t\t\t\t\t\t\t\t<\/div>\n\t\t\t\t\t<\/div>\n\t\t\t\t<\/div>\n\t\t\t\t<\/div>\n\t\t","protected":false},"excerpt":{"rendered":"<p>AVISO LEGAL 1. Presentaci\u00f3 del lloc De conformitat amb l&#8217;article 6 de la Llei n\u00fam. 2004-575, de 21 de juny de 2004, sobre la confian\u00e7a en l&#8217;economia digital, s&#8217;informa els usuaris del lloc web jsemproduction.com de la identitat de les diferents parts implicades en la seva creaci\u00f3 i manteniment. Propietari i editor: JSEM Production SLU, [&hellip;]<\/p>\n","protected":false},"author":1,"featured_media":0,"parent":0,"menu_order":0,"comment_status":"closed","ping_status":"closed","template":"elementor_header_footer","meta":{"iawp_total_views":0,"footnotes":""},"class_list":["post-3938","page","type-page","status-publish","hentry"],"_links":{"self":[{"href":"https:\/\/jsemproduction.com\/ca\/wp-json\/wp\/v2\/pages\/3938","targetHints":{"allow":["GET"]}}],"collection":[{"href":"https:\/\/jsemproduction.com\/ca\/wp-json\/wp\/v2\/pages"}],"about":[{"href":"https:\/\/jsemproduction.com\/ca\/wp-json\/wp\/v2\/types\/page"}],"author":[{"embeddable":true,"href":"https:\/\/jsemproduction.com\/ca\/wp-json\/wp\/v2\/users\/1"}],"replies":[{"embeddable":true,"href":"https:\/\/jsemproduction.com\/ca\/wp-json\/wp\/v2\/comments?post=3938"}],"version-history":[{"count":1,"href":"https:\/\/jsemproduction.com\/ca\/wp-json\/wp\/v2\/pages\/3938\/revisions"}],"predecessor-version":[{"id":3940,"href":"https:\/\/jsemproduction.com\/ca\/wp-json\/wp\/v2\/pages\/3938\/revisions\/3940"}],"wp:attachment":[{"href":"https:\/\/jsemproduction.com\/ca\/wp-json\/wp\/v2\/media?parent=3938"}],"curies":[{"name":"wp","href":"https:\/\/api.w.org\/{rel}","templated":true}]}}