{"id":4046,"date":"2024-10-22T11:05:21","date_gmt":"2024-10-22T11:05:21","guid":{"rendered":"https:\/\/jsemproduction.com\/contacte\/"},"modified":"2026-04-28T10:12:26","modified_gmt":"2026-04-28T10:12:26","slug":"contacte","status":"publish","type":"page","link":"https:\/\/jsemproduction.com\/ca\/contacte\/","title":{"rendered":"Contacte"},"content":{"rendered":"\t\t<div data-elementor-type=\"wp-page\" data-elementor-id=\"4046\" class=\"elementor elementor-4046 elementor-1487\" data-elementor-post-type=\"page\">\n\t\t\t\t<div class=\"elementor-element elementor-element-2bf4645 e-con-full e-flex e-con e-parent\" data-id=\"2bf4645\" data-element_type=\"container\" data-e-type=\"container\" data-settings=\"{&quot;background_background&quot;:&quot;video&quot;,&quot;background_video_link&quot;:&quot;https:\\\/\\\/jsemproduction.com\\\/wp-content\\\/uploads\\\/2026\\\/02\\\/0_Abstract_Art_3840x2160.mov&quot;,&quot;background_play_on_mobile&quot;:&quot;yes&quot;}\">\n\t\t<div class=\"elementor-background-video-container\">\n\t\t\t\t\t\t\t<video class=\"elementor-background-video-hosted\" role=\"presentation\" autoplay muted playsinline loop><\/video>\n\t\t\t\t\t<\/div><div class=\"elementor-element elementor-element-a487055 e-con-full e-flex e-con e-child\" data-id=\"a487055\" data-element_type=\"container\" data-e-type=\"container\" data-settings=\"{&quot;background_background&quot;:&quot;classic&quot;}\">\n\t\t\t\t<div class=\"elementor-element elementor-element-878b9a5 elementor-widget elementor-widget-hfe-breadcrumbs-widget\" data-id=\"878b9a5\" data-element_type=\"widget\" data-e-type=\"widget\" data-widget_type=\"hfe-breadcrumbs-widget.default\">\n\t\t\t\t<div class=\"elementor-widget-container\">\n\t\t\t\t\t<nav aria-label=\"Breadcrumb\"><ul class=\"hfe-breadcrumbs hfe-breadcrumbs-show-home\"><li class=\"hfe-breadcrumbs-item hfe-breadcrumbs-first\"><span class=\"hfe-breadcrumbs-home-icon\"><svg aria-hidden=\"true\" class=\"e-font-icon-svg e-fas-home\" viewBox=\"0 0 576 512\" xmlns=\"http:\/\/www.w3.org\/2000\/svg\"><path d=\"M280.37 148.26L96 300.11V464a16 16 0 0 0 16 16l112.06-.29a16 16 0 0 0 15.92-16V368a16 16 0 0 1 16-16h64a16 16 0 0 1 16 16v95.64a16 16 0 0 0 16 16.05L464 480a16 16 0 0 0 16-16V300L295.67 148.26a12.19 12.19 0 0 0-15.3 0zM571.6 251.47L488 182.56V44.05a12 12 0 0 0-12-12h-56a12 12 0 0 0-12 12v72.61L318.47 43a48 48 0 0 0-61 0L4.34 251.47a12 12 0 0 0-1.6 16.9l25.5 31A12 12 0 0 0 45.15 301l235.22-193.74a12.19 12.19 0 0 1 15.3 0L530.9 301a12 12 0 0 0 16.9-1.6l25.5-31a12 12 0 0 0-1.7-16.93z\"><\/path><\/svg><\/span><a href=\"https:\/\/jsemproduction.com\/ca\/\"><span class=\"hfe-breadcrumbs-text\">Benvingut\/da<\/span><\/a><\/li><\/ul><\/nav>\t\t\t\t<\/div>\n\t\t\t\t<\/div>\n\t\t\t\t<div class=\"elementor-element elementor-element-435d096 elementor-widget elementor-widget-heading\" data-id=\"435d096\" data-element_type=\"widget\" data-e-type=\"widget\" data-widget_type=\"heading.default\">\n\t\t\t\t\t<h1 class=\"elementor-heading-title elementor-size-default\">Parlem del teu projecte<\/h1>\t\t\t\t<\/div>\n\t\t\t\t<div class=\"elementor-element elementor-element-03aaef2 elementor-widget elementor-widget-text-editor\" data-id=\"03aaef2\" data-element_type=\"widget\" data-e-type=\"widget\" data-widget_type=\"text-editor.default\">\n\t\t\t\t\t\t\t\t\t<p data-start=\"569\" data-end=\"868\">Tot projecte digital comen\u00e7a amb una visi\u00f3 clara.<\/p><p data-start=\"569\" data-end=\"868\">Tant si vols crear un lloc web premium, desenvolupar la teva marca, millorar el teu SEO o estructurar la teva estrat\u00e8gia de m\u00e0rqueting digital, el nostre equip t&#8217;acompanyar\u00e0 amb un enfocament estrat\u00e8gic i personalitzat.<\/p><p data-start=\"870\" data-end=\"1027\">Amb seu a Andorra, la nostra ag\u00e8ncia col\u00b7labora amb empreses locals i internacionals que desitgen estructurar el seu creixement digital de manera sostenible.<\/p>\t\t\t\t\t\t\t\t<\/div>\n\t\t\t\t<\/div>\n\t\t\t\t<\/div>\n\t\t<div class=\"elementor-element elementor-element-5046863 e-flex e-con-boxed e-con e-parent\" data-id=\"5046863\" data-element_type=\"container\" data-e-type=\"container\">\n\t\t\t\t\t<div class=\"e-con-inner\">\n\t\t\t\t<div class=\"elementor-element elementor-element-bbec311 elementor-widget elementor-widget-shortcode\" data-id=\"bbec311\" data-element_type=\"widget\" data-e-type=\"widget\" data-widget_type=\"shortcode.default\">\n\t\t\t\t\t\t\t<div class=\"elementor-shortcode\">\n<div class=\"wpcf7 no-js\" id=\"wpcf7-f4649-o1\" lang=\"ca\" dir=\"ltr\" data-wpcf7-id=\"4649\">\n<div class=\"screen-reader-response\"><p role=\"status\" aria-live=\"polite\" aria-atomic=\"true\"><\/p> <ul><\/ul><\/div>\n<form action=\"\/ca\/wp-json\/wp\/v2\/pages\/4046#wpcf7-f4649-o1\" method=\"post\" class=\"wpcf7-form init\" aria-label=\"Formulari de contacte\" novalidate=\"novalidate\" data-status=\"init\">\n<fieldset class=\"hidden-fields-container\"><input type=\"hidden\" name=\"_wpcf7\" value=\"4649\" \/><input type=\"hidden\" name=\"_wpcf7_version\" value=\"6.1.5\" \/><input type=\"hidden\" name=\"_wpcf7_locale\" value=\"ca\" \/><input type=\"hidden\" name=\"_wpcf7_unit_tag\" value=\"wpcf7-f4649-o1\" \/><input type=\"hidden\" name=\"_wpcf7_container_post\" value=\"0\" \/><input type=\"hidden\" name=\"_wpcf7_posted_data_hash\" value=\"\" \/>\n<\/fieldset>\n<div class=\"jsem-grid\">\n\t<div class=\"jsem-field\">\n\t\t<p><label>El vostre nom <span>*<\/span><\/label><br \/>\n[text* nom del marcador de posici\u00f3 \"Jeremies\"]\n\t\t<\/p>\n\t<\/div>\n\t<div class=\"jsem-field\">\n\t\t<p><label>Adre\u00e7a electr\u00f2nica <span>*<\/span><\/label><br \/>\n[email* marcador de posici\u00f3 de correu electr\u00f2nic \"contacte@latevaempresa.com\"]\n\t\t<\/p>\n\t<\/div>\n\t<div class=\"jsem-field\">\n\t\t<p><label>Tel\u00e8fon <span>*<\/span><\/label><br \/>\n[tel* marcador de posici\u00f3 tel \"+33 6 XX XX XX XX\"]\n\t\t<\/p>\n\t<\/div>\n\t<div class=\"jsem-field\">\n\t\t<p><label>Sector empresarial <span>*<\/span><\/label><br \/>\n<span class=\"wpcf7-form-control-wrap\" data-name=\"sector\"><select class=\"wpcf7-form-control wpcf7-select wpcf7-validates-as-required\" aria-required=\"true\" aria-invalid=\"false\" name=\"sector\"><option value=\"El vostre sector...\">El vostre sector...<\/option><option value=\"Especialista en audiologia \/ Centre d&#039;audiologia\">Especialista en audiologia \/ Centre d&#039;audiologia<\/option><option value=\"Hotel \/ Allotjament\">Hotel \/ Allotjament<\/option><option value=\"Restaurant \/ Bar\">Restaurant \/ Bar<\/option><option value=\"Activitats n\u00e0utiques \/ Lloguer d&#039;embarcacions\">Activitats n\u00e0utiques \/ Lloguer d&#039;embarcacions<\/option><option value=\"Artes\u00e0 \/ Construcci\u00f3\">Artes\u00e0 \/ Construcci\u00f3<\/option><option value=\"Comer\u00e7 electr\u00f2nic\">Comer\u00e7 electr\u00f2nic<\/option><option value=\"Veterinari\">Veterinari<\/option><option value=\"Salut \/ Metge\">Salut \/ Metge<\/option><option value=\"vinya\">vinya<\/option><option value=\"B\u00e9ns immobles\">B\u00e9ns immobles<\/option><option value=\"Esports \/ Esdeveniments\">Esports \/ Esdeveniments<\/option><option value=\"Bellesa \/ Benestar\">Bellesa \/ Benestar<\/option><option value=\"Altres sectors\">Altres sectors<\/option><\/select><\/span>\n\t\t<\/p>\n\t<\/div>\n\t<div class=\"jsem-field\">\n\t\t<p><label>Tipus de lloc <span>*<\/span><\/label><br \/>\n<span class=\"wpcf7-form-control-wrap\" data-name=\"type_site\"><select class=\"wpcf7-form-control wpcf7-select wpcf7-validates-as-required\" aria-required=\"true\" aria-invalid=\"false\" name=\"type_site\"><option value=\"Tipus de lloc...\">Tipus de lloc...<\/option><option value=\"Lloc web de presentaci\u00f3 professional\">Lloc web de presentaci\u00f3 professional<\/option><option value=\"Lloc web de comer\u00e7 electr\u00f2nic\">Lloc web de comer\u00e7 electr\u00f2nic<\/option><option value=\"Lloc web personalitzat premium\">Lloc web personalitzat premium<\/option><option value=\"Redisseny d&#039;un lloc web existent\">Redisseny d&#039;un lloc web existent<\/option><option value=\"Encara no ho s\u00e9.\">Encara no ho s\u00e9.<\/option><\/select><\/span>\n\t\t<\/p>\n\t<\/div>\n\t<div class=\"jsem-field\">\n\t\t<p><label>Pressupost considerat <span>*<\/span><\/label><br \/>\n<span class=\"wpcf7-form-control-wrap\" data-name=\"pressupost\"><select class=\"wpcf7-form-control wpcf7-select wpcf7-validates-as-required\" aria-required=\"true\" aria-invalid=\"false\" name=\"pressupost\"><option value=\"Rang de pressupost...\">Rang de pressupost...<\/option><option value=\"Menys de 1.500 \u20ac\">Menys de 1.500 \u20ac<\/option><option value=\"1.500 \u20ac \u2013 3.500 \u20ac\">1.500 \u20ac \u2013 3.500 \u20ac<\/option><option value=\"3.500 \u20ac \u2013 6.000 \u20ac\">3.500 \u20ac \u2013 6.000 \u20ac<\/option><option value=\"6.000 \u20ac i m\u00e9s\">6.000 \u20ac i m\u00e9s<\/option><option value=\"A definir conjuntament\">A definir conjuntament<\/option><\/select><\/span>\n\t\t<\/p>\n\t<\/div>\n\t<div class=\"jsem-field jsem-full\">\n\t\t<p><label>El vostre projecte<\/label><br \/>\n<span class=\"wpcf7-form-control-wrap\" data-name=\"message\"><textarea cols=\"40\" rows=\"10\" maxlength=\"2000\" class=\"wpcf7-form-control wpcf7-textarea\" aria-invalid=\"false\" placeholder=\"Parla&#039;ns del teu negoci, els teus objectius i el termini previst...\" name=\"message\"><\/textarea><\/span>\n\t\t<\/p>\n\t<\/div>\n\t<div class=\"jsem-field jsem-full jsem-rgpd-wrap\">\n\t\t<p><span class=\"wpcf7-form-control-wrap\" data-name=\"rgpd\"><span class=\"wpcf7-form-control wpcf7-acceptance\"><span class=\"wpcf7-list-item\"><label><input type=\"checkbox\" name=\"rgpd\" value=\"1\" aria-invalid=\"false\" \/><span class=\"wpcf7-list-item-label\">Accepto la <a href=\"\/politique-de-confidentialite\/\" target=\"_blank\">pol\u00edtica de privadesa<\/a> de JSEM Production<\/span><\/label><\/span><\/span><\/span>\n\t\t<\/p>\n\t<\/div>\n\t<div class=\"jsem-field jsem-full jsem-submit-wrap\">\n\t\t<p><input class=\"wpcf7-form-control wpcf7-submit has-spinner\" type=\"submit\" value=\"Envia la meva sol\u00b7licitud \u2192\" \/>\n\t\t<\/p>\n\t<\/div>\n<\/div><div class=\"wpcf7-response-output\" aria-hidden=\"true\"><\/div>\n<\/form>\n<\/div>\n<\/div>\n\t\t\t\t\t\t<\/div>\n\t\t\t\t\t<\/div>\n\t\t\t\t<\/div>\n\t\t\t\t<\/div>\n\t\t","protected":false},"excerpt":{"rendered":"<p>Benvingut\/da Parlem del teu projecte Tot projecte digital comen\u00e7a amb una visi\u00f3 clara. Tant si vols crear un lloc web premium, desenvolupar la teva marca, millorar el teu SEO o estructurar la teva estrat\u00e8gia de m\u00e0rqueting digital, el nostre equip t&#8217;acompanyar\u00e0 amb un enfocament estrat\u00e8gic i personalitzat. Amb seu a Andorra, la nostra ag\u00e8ncia col\u00b7labora [&hellip;]<\/p>\n","protected":false},"author":1,"featured_media":3852,"parent":0,"menu_order":0,"comment_status":"closed","ping_status":"closed","template":"elementor_header_footer","meta":{"iawp_total_views":0,"footnotes":""},"class_list":["post-4046","page","type-page","status-publish","has-post-thumbnail","hentry"],"_links":{"self":[{"href":"https:\/\/jsemproduction.com\/ca\/wp-json\/wp\/v2\/pages\/4046","targetHints":{"allow":["GET"]}}],"collection":[{"href":"https:\/\/jsemproduction.com\/ca\/wp-json\/wp\/v2\/pages"}],"about":[{"href":"https:\/\/jsemproduction.com\/ca\/wp-json\/wp\/v2\/types\/page"}],"author":[{"embeddable":true,"href":"https:\/\/jsemproduction.com\/ca\/wp-json\/wp\/v2\/users\/1"}],"replies":[{"embeddable":true,"href":"https:\/\/jsemproduction.com\/ca\/wp-json\/wp\/v2\/comments?post=4046"}],"version-history":[{"count":3,"href":"https:\/\/jsemproduction.com\/ca\/wp-json\/wp\/v2\/pages\/4046\/revisions"}],"predecessor-version":[{"id":4867,"href":"https:\/\/jsemproduction.com\/ca\/wp-json\/wp\/v2\/pages\/4046\/revisions\/4867"}],"wp:featuredmedia":[{"embeddable":true,"href":"https:\/\/jsemproduction.com\/ca\/wp-json\/wp\/v2\/media\/3852"}],"wp:attachment":[{"href":"https:\/\/jsemproduction.com\/ca\/wp-json\/wp\/v2\/media?parent=4046"}],"curies":[{"name":"wp","href":"https:\/\/api.w.org\/{rel}","templated":true}]}}