{"id":3942,"date":"2026-04-26T19:57:01","date_gmt":"2026-04-26T19:57:01","guid":{"rendered":"https:\/\/jsemproduction.com\/privacy-policy\/"},"modified":"2026-04-26T19:57:01","modified_gmt":"2026-04-26T19:57:01","slug":"privacy-policy","status":"publish","type":"page","link":"https:\/\/jsemproduction.com\/en\/privacy-policy\/","title":{"rendered":"Privacy policy"},"content":{"rendered":"\t\t<div data-elementor-type=\"wp-page\" data-elementor-id=\"3942\" class=\"elementor elementor-3942 elementor-3424\" data-elementor-post-type=\"page\">\n\t\t\t\t<div class=\"elementor-element elementor-element-8165750 e-con-full e-flex e-con e-parent\" data-id=\"8165750\" data-element_type=\"container\" data-e-type=\"container\" data-settings=\"{&quot;background_background&quot;:&quot;classic&quot;}\">\n\t\t<div class=\"elementor-element elementor-element-b3203fc e-con-full e-flex e-con e-child\" data-id=\"b3203fc\" data-element_type=\"container\" data-e-type=\"container\" data-settings=\"{&quot;background_background&quot;:&quot;classic&quot;}\">\n\t\t\t\t<div class=\"elementor-element elementor-element-aefd652 elementor-widget elementor-widget-heading\" data-id=\"aefd652\" data-element_type=\"widget\" data-e-type=\"widget\" data-widget_type=\"heading.default\">\n\t\t\t\t\t<h1 class=\"elementor-heading-title elementor-size-default\">POLITIQUE DE CONFIDENTIALIT\u00c9<\/h1>\t\t\t\t<\/div>\n\t\t\t\t<\/div>\n\t\t\t\t<\/div>\n\t\t<div class=\"elementor-element elementor-element-d13ae82 e-flex e-con-boxed e-con e-parent\" data-id=\"d13ae82\" data-element_type=\"container\" data-e-type=\"container\">\n\t\t\t\t\t<div class=\"e-con-inner\">\n\t\t\t\t<div class=\"elementor-element elementor-element-15b0b08 elementor-widget elementor-widget-text-editor\" data-id=\"15b0b08\" data-element_type=\"widget\" data-e-type=\"widget\" data-widget_type=\"text-editor.default\">\n\t\t\t\t\t\t\t\t\t<p class=\"font-claude-response-body break-words whitespace-normal leading-[1.7]\"><em>Derni\u00e8re mise \u00e0 jour : Avril 2026<\/em><\/p><p class=\"font-claude-response-body break-words whitespace-normal leading-[1.7]\">JSEM Production SLU s&#8217;engage \u00e0 prot\u00e9ger la vie priv\u00e9e des utilisateurs du site jsemproduction.com. Cette politique de confidentialit\u00e9 d\u00e9crit comment nous collectons, utilisons et prot\u00e9geons vos donn\u00e9es personnelles conform\u00e9ment au R\u00e8glement G\u00e9n\u00e9ral sur la Protection des Donn\u00e9es (RGPD \u2014 UE 2016\/679).<\/p><hr class=\"border-border-200 border-t-0.5 my-3 mx-1.5\" \/><h3 class=\"text-text-100 mt-2 -mb-1 text-base font-bold\">1. Responsable du traitement des donn\u00e9es<\/h3><p class=\"font-claude-response-body break-words whitespace-normal leading-[1.7]\"><strong>JSEM Production SLU<\/strong> C\/ Callaueta, 8 1e 3a \u2014 AD500 Andorra la Vella Principaut\u00e9 d&#8217;Andorre Num\u00e9ro d&#8217;immatriculation : L-719294-M<\/p><p class=\"font-claude-response-body break-words whitespace-normal leading-[1.7]\"><strong>Contact :<\/strong> J\u00e9r\u00e9my SEMENADISSE Email : <a class=\"underline underline underline-offset-2 decoration-1 decoration-current\/40 hover:decoration-current focus:decoration-current\" href=\"mailto:contact@jsemproduction.com\">contact@jsemproduction.com<\/a> T\u00e9l\u00e9phone : +33 6 26 14 82 89<\/p><hr class=\"border-border-200 border-t-0.5 my-3 mx-1.5\" \/><h3 class=\"text-text-100 mt-2 -mb-1 text-base font-bold\">2. Donn\u00e9es collect\u00e9es<\/h3><p class=\"font-claude-response-body break-words whitespace-normal leading-[1.7]\"><strong>Via le formulaire de contact :<\/strong><\/p><ul class=\"[li_&amp;]:mb-0 [li_&amp;]:mt-1 [li_&amp;]:gap-1 [&amp;:not(:last-child)_ul]:pb-1 [&amp;:not(:last-child)_ol]:pb-1 list-disc flex flex-col gap-1 pl-8 mb-3\"><li class=\"whitespace-normal break-words pl-2\">Pr\u00e9nom<\/li><li class=\"whitespace-normal break-words pl-2\">Adresse email<\/li><li class=\"whitespace-normal break-words pl-2\">Num\u00e9ro de t\u00e9l\u00e9phone (facultatif)<\/li><li class=\"whitespace-normal break-words pl-2\">Description du projet<\/li><\/ul><p class=\"font-claude-response-body break-words whitespace-normal leading-[1.7]\"><strong>Automatiquement lors de la navigation :<\/strong><\/p><ul class=\"[li_&amp;]:mb-0 [li_&amp;]:mt-1 [li_&amp;]:gap-1 [&amp;:not(:last-child)_ul]:pb-1 [&amp;:not(:last-child)_ol]:pb-1 list-disc flex flex-col gap-1 pl-8 mb-3\"><li class=\"whitespace-normal break-words pl-2\">Adresse IP<\/li><li class=\"whitespace-normal break-words pl-2\">Type de navigateur et version<\/li><li class=\"whitespace-normal break-words pl-2\">Pages visit\u00e9es et dur\u00e9e de visite<\/li><li class=\"whitespace-normal break-words pl-2\">Source de trafic (via Google Analytics)<\/li><\/ul><p class=\"font-claude-response-body break-words whitespace-normal leading-[1.7]\"><strong>Via les cookies :<\/strong><\/p><ul class=\"[li_&amp;]:mb-0 [li_&amp;]:mt-1 [li_&amp;]:gap-1 [&amp;:not(:last-child)_ul]:pb-1 [&amp;:not(:last-child)_ol]:pb-1 list-disc flex flex-col gap-1 pl-8 mb-3\"><li class=\"whitespace-normal break-words pl-2\">Cookies analytiques (Google Analytics)<\/li><li class=\"whitespace-normal break-words pl-2\">Cookies de pr\u00e9f\u00e9rences<\/li><li class=\"whitespace-normal break-words pl-2\">Cookies de widget tiers (Trustindex \u2014 avis Google)<\/li><\/ul><hr class=\"border-border-200 border-t-0.5 my-3 mx-1.5\" \/><h3 class=\"text-text-100 mt-2 -mb-1 text-base font-bold\">3. Finalit\u00e9s du traitement<\/h3><p class=\"font-claude-response-body break-words whitespace-normal leading-[1.7]\">Les donn\u00e9es collect\u00e9es sont utilis\u00e9es exclusivement pour :<\/p><ul class=\"[li_&amp;]:mb-0 [li_&amp;]:mt-1 [li_&amp;]:gap-1 [&amp;:not(:last-child)_ul]:pb-1 [&amp;:not(:last-child)_ol]:pb-1 list-disc flex flex-col gap-1 pl-8 mb-3\"><li class=\"whitespace-normal break-words pl-2\"><strong>R\u00e9pondre \u00e0 vos demandes de contact et de devis<\/strong> \u2014 base l\u00e9gale : ex\u00e9cution d&#8217;un contrat ou mesures pr\u00e9contractuelles<\/li><li class=\"whitespace-normal break-words pl-2\"><strong>Am\u00e9liorer l&#8217;exp\u00e9rience utilisateur du site<\/strong> \u2014 base l\u00e9gale : int\u00e9r\u00eat l\u00e9gitime<\/li><li class=\"whitespace-normal break-words pl-2\"><strong>Analyser le trafic et les performances du site<\/strong> \u2014 base l\u00e9gale : int\u00e9r\u00eat l\u00e9gitime (donn\u00e9es anonymis\u00e9es)<\/li><li class=\"whitespace-normal break-words pl-2\"><strong>Vous recontacter suite \u00e0 une demande de devis<\/strong> \u2014 base l\u00e9gale : consentement<\/li><\/ul><hr class=\"border-border-200 border-t-0.5 my-3 mx-1.5\" \/><h3 class=\"text-text-100 mt-2 -mb-1 text-base font-bold\">4. Dur\u00e9e de conservation des donn\u00e9es<\/h3><div class=\"overflow-x-auto w-full px-2 mb-6\"><table class=\"min-w-full border-collapse text-sm leading-[1.7] whitespace-normal\"><thead class=\"text-left\"><tr><th class=\"text-text-100 border-b-0.5 border-border-300\/60 py-2 pr-4 align-top font-bold\" scope=\"col\">Type de donn\u00e9es<\/th><th class=\"text-text-100 border-b-0.5 border-border-300\/60 py-2 pr-4 align-top font-bold\" scope=\"col\">Dur\u00e9e de conservation<\/th><\/tr><\/thead><tbody><tr><td class=\"border-b-0.5 border-border-300\/30 py-2 pr-4 align-top\">Demandes de contact<\/td><td class=\"border-b-0.5 border-border-300\/30 py-2 pr-4 align-top\">3 ans \u00e0 compter du dernier contact<\/td><\/tr><tr><td class=\"border-b-0.5 border-border-300\/30 py-2 pr-4 align-top\">Donn\u00e9es de navigation (Analytics)<\/td><td class=\"border-b-0.5 border-border-300\/30 py-2 pr-4 align-top\">26 mois<\/td><\/tr><tr><td class=\"border-b-0.5 border-border-300\/30 py-2 pr-4 align-top\">Cookies analytiques<\/td><td class=\"border-b-0.5 border-border-300\/30 py-2 pr-4 align-top\">13 mois maximum<\/td><\/tr><tr><td class=\"border-b-0.5 border-border-300\/30 py-2 pr-4 align-top\">Donn\u00e9es de prospection<\/td><td class=\"border-b-0.5 border-border-300\/30 py-2 pr-4 align-top\">3 ans sans r\u00e9ponse<\/td><\/tr><\/tbody><\/table><\/div><hr class=\"border-border-200 border-t-0.5 my-3 mx-1.5\" \/><h3 class=\"text-text-100 mt-2 -mb-1 text-base font-bold\">5. Destinataires des donn\u00e9es<\/h3><p class=\"font-claude-response-body break-words whitespace-normal leading-[1.7]\">Vos donn\u00e9es personnelles ne sont jamais vendues, lou\u00e9es ou c\u00e9d\u00e9es \u00e0 des tiers \u00e0 des fins commerciales.<\/p><p class=\"font-claude-response-body break-words whitespace-normal leading-[1.7]\">Elles peuvent \u00eatre partag\u00e9es uniquement avec :<\/p><p class=\"font-claude-response-body break-words whitespace-normal leading-[1.7]\"><strong>Google Analytics (Google LLC)<\/strong> Outil d&#8217;analyse de trafic \u2014 donn\u00e9es anonymis\u00e9es. Politique de confidentialit\u00e9 Google : <a class=\"underline underline underline-offset-2 decoration-1 decoration-current\/40 hover:decoration-current focus:decoration-current\" href=\"https:\/\/policies.google.com\/privacy\" target=\"_blank\" rel=\"noopener\">https:\/\/policies.google.com\/privacy<\/a><\/p><p class=\"font-claude-response-body break-words whitespace-normal leading-[1.7]\"><strong>Trustindex<\/strong> Widget d&#8217;affichage des avis Google. Politique de confidentialit\u00e9 Trustindex : <a class=\"underline underline underline-offset-2 decoration-1 decoration-current\/40 hover:decoration-current focus:decoration-current\" href=\"https:\/\/trustindex.io\/privacy-policy\/\" target=\"_blank\" rel=\"noopener\">https:\/\/trustindex.io\/privacy-policy\/<\/a><\/p><p class=\"font-claude-response-body break-words whitespace-normal leading-[1.7]\"><strong>Hostinger International Ltd<\/strong> H\u00e9bergeur du site \u2014 traitement des donn\u00e9es serveur. Politique de confidentialit\u00e9 Hostinger : <a class=\"underline underline underline-offset-2 decoration-1 decoration-current\/40 hover:decoration-current focus:decoration-current\" href=\"https:\/\/www.hostinger.fr\/politique-de-confidentialite\" target=\"_blank\" rel=\"noopener\">https:\/\/www.hostinger.fr\/politique-de-confidentialite<\/a><\/p><p class=\"font-claude-response-body break-words whitespace-normal leading-[1.7]\">Aucun transfert de donn\u00e9es vers des pays hors Union Europ\u00e9enne sans garanties appropri\u00e9es.<\/p><hr class=\"border-border-200 border-t-0.5 my-3 mx-1.5\" \/><h3 class=\"text-text-100 mt-2 -mb-1 text-base font-bold\">6. Vos droits (RGPD)<\/h3><p class=\"font-claude-response-body break-words whitespace-normal leading-[1.7]\">Conform\u00e9ment au RGPD, vous disposez des droits suivants sur vos donn\u00e9es personnelles :<\/p><p class=\"font-claude-response-body break-words whitespace-normal leading-[1.7]\"><strong>Droit d&#8217;acc\u00e8s<\/strong> \u2014 obtenir une copie des donn\u00e9es vous concernant. <strong>Droit de rectification<\/strong> \u2014 corriger des donn\u00e9es inexactes ou incompl\u00e8tes. <strong>Droit \u00e0 l&#8217;effacement<\/strong> \u2014 demander la suppression de vos donn\u00e9es (&#8220;droit \u00e0 l&#8217;oubli&#8221;). <strong>Droit \u00e0 la limitation<\/strong>\u2014 suspendre temporairement le traitement de vos donn\u00e9es. <strong>Droit d&#8217;opposition<\/strong> \u2014 vous opposer au traitement de vos donn\u00e9es \u00e0 des fins de prospection. <strong>Droit \u00e0 la portabilit\u00e9<\/strong> \u2014 recevoir vos donn\u00e9es dans un format structur\u00e9 et lisible.<\/p><p class=\"font-claude-response-body break-words whitespace-normal leading-[1.7]\"><strong>Pour exercer vos droits :<\/strong> Contactez-nous par email \u00e0 <a class=\"underline underline underline-offset-2 decoration-1 decoration-current\/40 hover:decoration-current focus:decoration-current\" href=\"mailto:contact@jsemproduction.com\">contact@jsemproduction.com<\/a> en pr\u00e9cisant votre demande et en joignant une copie de votre pi\u00e8ce d&#8217;identit\u00e9.<\/p><p class=\"font-claude-response-body break-words whitespace-normal leading-[1.7]\">D\u00e9lai de r\u00e9ponse : 30 jours maximum.<\/p><p class=\"font-claude-response-body break-words whitespace-normal leading-[1.7]\">Vous disposez \u00e9galement du droit d&#8217;introduire une r\u00e9clamation aupr\u00e8s d&#8217;une autorit\u00e9 de contr\u00f4le comp\u00e9tente.<\/p><hr class=\"border-border-200 border-t-0.5 my-3 mx-1.5\" \/><h3 class=\"text-text-100 mt-2 -mb-1 text-base font-bold\">7. Gestion des cookies<\/h3><p class=\"font-claude-response-body break-words whitespace-normal leading-[1.7]\"><strong>Qu&#8217;est-ce qu&#8217;un cookie ?<\/strong> Un cookie est un fichier texte de petite taille d\u00e9pos\u00e9 sur votre terminal (ordinateur, tablette, smartphone) lors de la visite d&#8217;un site internet.<\/p><p class=\"font-claude-response-body break-words whitespace-normal leading-[1.7]\"><strong>Cookies utilis\u00e9s sur jsemproduction.com :<\/strong><\/p><div class=\"overflow-x-auto w-full px-2 mb-6\"><table class=\"min-w-full border-collapse text-sm leading-[1.7] whitespace-normal\"><thead class=\"text-left\"><tr><th class=\"text-text-100 border-b-0.5 border-border-300\/60 py-2 pr-4 align-top font-bold\" scope=\"col\">Cookie<\/th><th class=\"text-text-100 border-b-0.5 border-border-300\/60 py-2 pr-4 align-top font-bold\" scope=\"col\">Type<\/th><th class=\"text-text-100 border-b-0.5 border-border-300\/60 py-2 pr-4 align-top font-bold\" scope=\"col\">Finalit\u00e9<\/th><th class=\"text-text-100 border-b-0.5 border-border-300\/60 py-2 pr-4 align-top font-bold\" scope=\"col\">Dur\u00e9e<\/th><\/tr><\/thead><tbody><tr><td class=\"border-b-0.5 border-border-300\/30 py-2 pr-4 align-top\">_ga<\/td><td class=\"border-b-0.5 border-border-300\/30 py-2 pr-4 align-top\">Analytique<\/td><td class=\"border-b-0.5 border-border-300\/30 py-2 pr-4 align-top\">Google Analytics \u2014 statistiques de visite<\/td><td class=\"border-b-0.5 border-border-300\/30 py-2 pr-4 align-top\">26 mois<\/td><\/tr><tr><td class=\"border-b-0.5 border-border-300\/30 py-2 pr-4 align-top\">_gid<\/td><td class=\"border-b-0.5 border-border-300\/30 py-2 pr-4 align-top\">Analytique<\/td><td class=\"border-b-0.5 border-border-300\/30 py-2 pr-4 align-top\">Google Analytics \u2014 identification session<\/td><td class=\"border-b-0.5 border-border-300\/30 py-2 pr-4 align-top\">24 heures<\/td><\/tr><tr><td class=\"border-b-0.5 border-border-300\/30 py-2 pr-4 align-top\">_gat<\/td><td class=\"border-b-0.5 border-border-300\/30 py-2 pr-4 align-top\">Analytique<\/td><td class=\"border-b-0.5 border-border-300\/30 py-2 pr-4 align-top\">Google Analytics \u2014 limitation des requ\u00eates<\/td><td class=\"border-b-0.5 border-border-300\/30 py-2 pr-4 align-top\">1 minute<\/td><\/tr><tr><td class=\"border-b-0.5 border-border-300\/30 py-2 pr-4 align-top\">trustindex<\/td><td class=\"border-b-0.5 border-border-300\/30 py-2 pr-4 align-top\">Fonctionnel<\/td><td class=\"border-b-0.5 border-border-300\/30 py-2 pr-4 align-top\">Affichage widget avis Google<\/td><td class=\"border-b-0.5 border-border-300\/30 py-2 pr-4 align-top\">Session<\/td><\/tr><tr><td class=\"border-b-0.5 border-border-300\/30 py-2 pr-4 align-top\">PHPSESSID<\/td><td class=\"border-b-0.5 border-border-300\/30 py-2 pr-4 align-top\">Fonctionnel<\/td><td class=\"border-b-0.5 border-border-300\/30 py-2 pr-4 align-top\">Session WordPress<\/td><td class=\"border-b-0.5 border-border-300\/30 py-2 pr-4 align-top\">Session<\/td><\/tr><tr><td class=\"border-b-0.5 border-border-300\/30 py-2 pr-4 align-top\">wordpress_*<\/td><td class=\"border-b-0.5 border-border-300\/30 py-2 pr-4 align-top\">Fonctionnel<\/td><td class=\"border-b-0.5 border-border-300\/30 py-2 pr-4 align-top\">Authentification WordPress<\/td><td class=\"border-b-0.5 border-border-300\/30 py-2 pr-4 align-top\">Session<\/td><\/tr><\/tbody><\/table><\/div><p class=\"font-claude-response-body break-words whitespace-normal leading-[1.7]\"><strong>Gestion de vos pr\u00e9f\u00e9rences cookies :<\/strong> Vous pouvez accepter ou refuser les cookies non essentiels via notre bandeau de consentement \u00e0 cookies affich\u00e9 lors de votre premi\u00e8re visite.<\/p><p class=\"font-claude-response-body break-words whitespace-normal leading-[1.7]\">Vous pouvez \u00e9galement configurer votre navigateur pour bloquer ou supprimer les cookies :<\/p><ul class=\"[li_&amp;]:mb-0 [li_&amp;]:mt-1 [li_&amp;]:gap-1 [&amp;:not(:last-child)_ul]:pb-1 [&amp;:not(:last-child)_ol]:pb-1 list-disc flex flex-col gap-1 pl-8 mb-3\"><li class=\"whitespace-normal break-words pl-2\"><strong>Chrome<\/strong> : Param\u00e8tres &gt; Confidentialit\u00e9 et s\u00e9curit\u00e9 &gt; Cookies<\/li><li class=\"whitespace-normal break-words pl-2\"><strong>Firefox<\/strong> : Param\u00e8tres &gt; Vie priv\u00e9e et s\u00e9curit\u00e9 &gt; Cookies<\/li><li class=\"whitespace-normal break-words pl-2\"><strong>Safari<\/strong> : Pr\u00e9f\u00e9rences &gt; Confidentialit\u00e9 &gt; Cookies<\/li><li class=\"whitespace-normal break-words pl-2\"><strong>Edge<\/strong> : Param\u00e8tres &gt; Confidentialit\u00e9 et s\u00e9curit\u00e9 &gt; Cookies<\/li><\/ul><p class=\"font-claude-response-body break-words whitespace-normal leading-[1.7]\">Le refus de certains cookies peut limiter l&#8217;acc\u00e8s \u00e0 certaines fonctionnalit\u00e9s du site.<\/p><hr class=\"border-border-200 border-t-0.5 my-3 mx-1.5\" \/><h3 class=\"text-text-100 mt-2 -mb-1 text-base font-bold\">8. S\u00e9curit\u00e9 des donn\u00e9es<\/h3><p class=\"font-claude-response-body break-words whitespace-normal leading-[1.7]\">JSEM Production SLU met en \u0153uvre les mesures techniques et organisationnelles appropri\u00e9es pour prot\u00e9ger vos donn\u00e9es contre la perte, l&#8217;utilisation abusive, l&#8217;acc\u00e8s non autoris\u00e9, la divulgation, la modification ou la destruction :<\/p><ul class=\"[li_&amp;]:mb-0 [li_&amp;]:mt-1 [li_&amp;]:gap-1 [&amp;:not(:last-child)_ul]:pb-1 [&amp;:not(:last-child)_ol]:pb-1 list-disc flex flex-col gap-1 pl-8 mb-3\"><li class=\"whitespace-normal break-words pl-2\">Certificat SSL (HTTPS) actif sur l&#8217;ensemble du site<\/li><li class=\"whitespace-normal break-words pl-2\">H\u00e9bergement s\u00e9curis\u00e9 sur serveur Hostinger<\/li><li class=\"whitespace-normal break-words pl-2\">Acc\u00e8s back-office restreint et s\u00e9curis\u00e9<\/li><li class=\"whitespace-normal break-words pl-2\">Sauvegardes r\u00e9guli\u00e8res chiffr\u00e9es<\/li><\/ul><hr class=\"border-border-200 border-t-0.5 my-3 mx-1.5\" \/><h3 class=\"text-text-100 mt-2 -mb-1 text-base font-bold\">9. Modifications de la politique de confidentialit\u00e9<\/h3><p class=\"font-claude-response-body break-words whitespace-normal leading-[1.7]\">Cette politique de confidentialit\u00e9 peut \u00eatre mise \u00e0 jour \u00e0 tout moment pour refl\u00e9ter les \u00e9volutions l\u00e9gales, r\u00e9glementaires ou op\u00e9rationnelles. La date de derni\u00e8re mise \u00e0 jour est indiqu\u00e9e en haut de ce document.<\/p><p class=\"font-claude-response-body break-words whitespace-normal leading-[1.7]\">Nous vous invitons \u00e0 consulter cette page r\u00e9guli\u00e8rement.<\/p><hr class=\"border-border-200 border-t-0.5 my-3 mx-1.5\" \/><h3 class=\"text-text-100 mt-2 -mb-1 text-base font-bold\">10. Contact<\/h3><p class=\"font-claude-response-body break-words whitespace-normal leading-[1.7]\">Pour toute question relative \u00e0 cette politique de confidentialit\u00e9 ou \u00e0 l&#8217;exercice de vos droits :<\/p><p class=\"font-claude-response-body break-words whitespace-normal leading-[1.7]\"><strong>JSEM Production SLU<\/strong> J\u00e9r\u00e9my SEMENADISSE Email : <a class=\"underline underline underline-offset-2 decoration-1 decoration-current\/40 hover:decoration-current focus:decoration-current\" href=\"mailto:contact@jsemproduction.com\">contact@jsemproduction.com<\/a> T\u00e9l\u00e9phone : +33 6 26 14 82 89 Adresse : C\/ Callaueta, 8 1e 3a \u2014 AD500 Andorra la Vella \u2014 Andorre<\/p><hr class=\"border-border-200 border-t-0.5 my-3 mx-1.5\" \/><p class=\"font-claude-response-body break-words whitespace-normal leading-[1.7]\">\u2190 <a class=\"underline underline underline-offset-2 decoration-1 decoration-current\/40 hover:decoration-current focus:decoration-current\" href=\"https:\/\/jsemproduction.com\/\">Retour \u00e0 l&#8217;accueil \u2014 jsemproduction.com<\/a><\/p>\t\t\t\t\t\t\t\t<\/div>\n\t\t\t\t\t<\/div>\n\t\t\t\t<\/div>\n\t\t\t\t<\/div>\n\t\t","protected":false},"excerpt":{"rendered":"","protected":false},"author":1,"featured_media":0,"parent":0,"menu_order":0,"comment_status":"closed","ping_status":"closed","template":"elementor_header_footer","meta":{"footnotes":""},"class_list":["post-3942","page","type-page","status-publish","hentry"],"_links":{"self":[{"href":"https:\/\/jsemproduction.com\/en\/wp-json\/wp\/v2\/pages\/3942","targetHints":{"allow":["GET"]}}],"collection":[{"href":"https:\/\/jsemproduction.com\/en\/wp-json\/wp\/v2\/pages"}],"about":[{"href":"https:\/\/jsemproduction.com\/en\/wp-json\/wp\/v2\/types\/page"}],"author":[{"embeddable":true,"href":"https:\/\/jsemproduction.com\/en\/wp-json\/wp\/v2\/users\/1"}],"replies":[{"embeddable":true,"href":"https:\/\/jsemproduction.com\/en\/wp-json\/wp\/v2\/comments?post=3942"}],"version-history":[{"count":0,"href":"https:\/\/jsemproduction.com\/en\/wp-json\/wp\/v2\/pages\/3942\/revisions"}],"wp:attachment":[{"href":"https:\/\/jsemproduction.com\/en\/wp-json\/wp\/v2\/media?parent=3942"}],"curies":[{"name":"wp","href":"https:\/\/api.w.org\/{rel}","templated":true}]}}