{"id":3929,"date":"2026-04-26T19:56:43","date_gmt":"2026-04-26T19:56:43","guid":{"rendered":"https:\/\/jsemproduction.com\/informacion-legal\/"},"modified":"2026-04-27T21:04:35","modified_gmt":"2026-04-27T21:04:35","slug":"informacion-legal","status":"publish","type":"page","link":"https:\/\/jsemproduction.com\/es\/informacion-legal\/","title":{"rendered":"Informaci\u00f3n legal"},"content":{"rendered":"\t\t<div data-elementor-type=\"wp-page\" data-elementor-id=\"3929\" class=\"elementor elementor-3929 elementor-3422\" data-elementor-post-type=\"page\">\n\t\t\t\t<div class=\"elementor-element elementor-element-a1c16d0 e-con-full e-flex e-con e-parent\" data-id=\"a1c16d0\" data-element_type=\"container\" data-e-type=\"container\" data-settings=\"{&quot;background_background&quot;:&quot;classic&quot;}\">\n\t\t<div class=\"elementor-element elementor-element-f239dac e-con-full e-flex e-con e-child\" data-id=\"f239dac\" data-element_type=\"container\" data-e-type=\"container\" data-settings=\"{&quot;background_background&quot;:&quot;classic&quot;}\">\n\t\t\t\t<div class=\"elementor-element elementor-element-eb281be elementor-widget elementor-widget-heading\" data-id=\"eb281be\" data-element_type=\"widget\" data-e-type=\"widget\" data-widget_type=\"heading.default\">\n\t\t\t\t\t<h1 class=\"elementor-heading-title elementor-size-default\">AVISOS LEGALES<\/h1>\t\t\t\t<\/div>\n\t\t\t\t<\/div>\n\t\t\t\t<\/div>\n\t\t<div class=\"elementor-element elementor-element-a17c329 e-flex e-con-boxed e-con e-parent\" data-id=\"a17c329\" data-element_type=\"container\" data-e-type=\"container\">\n\t\t\t\t\t<div class=\"e-con-inner\">\n\t\t\t\t<div class=\"elementor-element elementor-element-f0557f7 elementor-widget elementor-widget-text-editor\" data-id=\"f0557f7\" data-element_type=\"widget\" data-e-type=\"widget\" data-widget_type=\"text-editor.default\">\n\t\t\t\t\t\t\t\t\t<h3 class=\"text-text-100 mt-2 -mb-1 text-base font-bold\">1. Presentaci\u00f3n del sitio<\/h3><p class=\"font-claude-response-body break-words whitespace-normal leading-[1.7]\">De conformidad con el art\u00edculo 6 de la Ley n\u00ba 2004-575, de 21 de junio de 2004, sobre la confianza en la econom\u00eda digital, se informa a los usuarios del sitio jsemproduction.com de la identidad de las distintas partes implicadas en su creaci\u00f3n y seguimiento.<\/p><p class=\"font-claude-response-body break-words whitespace-normal leading-[1.7]\"><strong>Propietario y editor:<\/strong> JSEM Production SLU C\/ Callaueta, 8 1e 3a AD500 Andorra la Vella Principado de Andorra NRT: L-719294-M<\/p><p class=\"font-claude-response-body break-words whitespace-normal leading-[1.7]\"><strong>Director de la publicaci\u00f3n:<\/strong> J\u00e9r\u00e9my SEMENADISSE<\/p><p class=\"font-claude-response-body break-words whitespace-normal leading-[1.7]\"><strong>Webmaster:<\/strong> J\u00e9r\u00e9my SEMENADISSE <a class=\"underline underline underline-offset-2 decoration-1 decoration-current\/40 hover:decoration-current focus:decoration-current\" href=\"mailto:contact@jsemproduction.com\">contact@jsemproduction.com<\/a><\/p><p class=\"font-claude-response-body break-words whitespace-normal leading-[1.7]\"><strong>Hostinger<\/strong> International Ltd 61 Lordou Vironos Street 6023 Larnaca, Chipre <a class=\"underline underline underline-offset-2 decoration-1 decoration-current\/40 hover:decoration-current focus:decoration-current\" href=\"https:\/\/www.hostinger.fr\/\" target=\"_blank\" rel=\"noopener\">https:\/\/www.hostinger.fr<\/a><\/p><p class=\"font-claude-response-body break-words whitespace-normal leading-[1.7]\">\u2190 <a class=\"underline underline underline-offset-2 decoration-1 decoration-current\/40 hover:decoration-current focus:decoration-current\" href=\"https:\/\/jsemproduction.com\/es\/\">Volver al inicio &#8211; jsemproduction.com<\/a><\/p><hr class=\"border-border-200 border-t-0.5 my-3 mx-1.5\"><h3 class=\"text-text-100 mt-2 -mb-1 text-base font-bold\">2. Condiciones generales de uso<\/h3><p class=\"font-claude-response-body break-words whitespace-normal leading-[1.7]\">El uso del sitio web jsemproduction.com implica la plena aceptaci\u00f3n de las condiciones generales de uso que se describen a continuaci\u00f3n. Estas condiciones de uso pueden modificarse o completarse en cualquier momento. Se invita a los usuarios del sitio a consultarlas regularmente.  <\/p><p class=\"font-claude-response-body break-words whitespace-normal leading-[1.7]\">El sitio es normalmente accesible a los usuarios en todo momento. J\u00e9r\u00e9my SEMENADISSE puede decidir interrumpir el sitio por motivos de mantenimiento t\u00e9cnico, y se esforzar\u00e1 por informar a los usuarios de las fechas y horas de dichas intervenciones con antelaci\u00f3n. <\/p><p class=\"font-claude-response-body break-words whitespace-normal leading-[1.7]\">El sitio web jsemproduction.com es actualizado regularmente por J\u00e9r\u00e9my SEMENADISSE. Los avisos legales pueden modificarse en cualquier momento: no obstante, son vinculantes para el usuario, al que se invita a consultarlos regularmente. <\/p><hr class=\"border-border-200 border-t-0.5 my-3 mx-1.5\"><h3 class=\"text-text-100 mt-2 -mb-1 text-base font-bold\">3. Descripci\u00f3n de los servicios prestados<\/h3><p class=\"font-claude-response-body break-words whitespace-normal leading-[1.7]\">El objetivo del sitio web jsemproduction.com es presentar las actividades de JSEM Production SLU: dise\u00f1o de sitios web a medida, SEO natural, mantenimiento de sitios web en WordPress y comercio electr\u00f3nico.<\/p><p class=\"font-claude-response-body break-words whitespace-normal leading-[1.7]\">J\u00e9r\u00e9my SEMENADISSE se esfuerza por proporcionar en el sitio informaci\u00f3n lo m\u00e1s exacta posible. Sin embargo, no podr\u00e1 ser considerada responsable de las omisiones, inexactitudes o falta de actualizaci\u00f3n, ya sean causadas por ella misma o por terceros asociados. <\/p><p class=\"font-claude-response-body break-words whitespace-normal leading-[1.7]\">Toda la informaci\u00f3n proporcionada en jsemproduction.com se facilita a t\u00edtulo meramente informativo y est\u00e1 sujeta a cambios.<\/p><hr class=\"border-border-200 border-t-0.5 my-3 mx-1.5\"><h3 class=\"text-text-100 mt-2 -mb-1 text-base font-bold\">4. Propiedad intelectual y falsificaci\u00f3n<\/h3><p class=\"font-claude-response-body break-words whitespace-normal leading-[1.7]\">JSEM Production SLU es titular de los derechos de propiedad intelectual y ostenta los derechos de uso sobre todos los elementos accesibles en el sitio, en particular los textos, im\u00e1genes, gr\u00e1ficos, logotipos, iconos, sonidos y software.<\/p><p class=\"font-claude-response-body break-words whitespace-normal leading-[1.7]\">Cualquier reproducci\u00f3n, representaci\u00f3n, modificaci\u00f3n, publicaci\u00f3n, adaptaci\u00f3n de la totalidad o parte de los elementos del sitio, cualesquiera que sean los medios o procedimientos utilizados, est\u00e1 prohibida sin la autorizaci\u00f3n previa y por escrito de J\u00e9r\u00e9my SEMENADISSE.<\/p><p class=\"font-claude-response-body break-words whitespace-normal leading-[1.7]\">Cualquier uso no autorizado del sitio o de cualquiera de los elementos que contiene se considerar\u00e1 constitutivo de infracci\u00f3n y ser\u00e1 perseguido de conformidad con las disposiciones de los art\u00edculos L.335-2 y siguientes del C\u00f3digo franc\u00e9s de la Propiedad Intelectual.<\/p><hr class=\"border-border-200 border-t-0.5 my-3 mx-1.5\"><h3 class=\"text-text-100 mt-2 -mb-1 text-base font-bold\">5. Limitaci\u00f3n de responsabilidad<\/h3><p class=\"font-claude-response-body break-words whitespace-normal leading-[1.7]\">JSEM Production SLU no se hace responsable de los da\u00f1os directos o indirectos causados al equipo del usuario al acceder al sitio web jsemproduction.com.<\/p><p class=\"font-claude-response-body break-words whitespace-normal leading-[1.7]\">JSEM Production SLU no se hace responsable de los da\u00f1os indirectos (como la p\u00e9rdida de mercado o la p\u00e9rdida de oportunidades) derivados del uso del sitio.<\/p><hr class=\"border-border-200 border-t-0.5 my-3 mx-1.5\"><h3 class=\"text-text-100 mt-2 -mb-1 text-base font-bold\">6. Enlaces de hipertexto y cookies<\/h3><p class=\"font-claude-response-body break-words whitespace-normal leading-[1.7]\">El sitio jsemproduction.com contiene una serie de enlaces de hipertexto a otros sitios. Sin embargo, JSEM Production SLU no tiene la posibilidad de comprobar el contenido de los sitios visitados de este modo y, en consecuencia, no puede aceptar ninguna responsabilidad al respecto. <\/p><p class=\"font-claude-response-body break-words whitespace-normal leading-[1.7]\">La navegaci\u00f3n por el sitio web jsemproduction.com puede provocar la instalaci\u00f3n de cookies en el ordenador del usuario. Para m\u00e1s informaci\u00f3n sobre las cookies utilizadas, consulta nuestra Pol\u00edtica de Privacidad. <\/p><hr class=\"border-border-200 border-t-0.5 my-3 mx-1.5\"><h3 class=\"text-text-100 mt-2 -mb-1 text-base font-bold\">7. Ley aplicable y jurisdicci\u00f3n<\/h3><p class=\"font-claude-response-body break-words whitespace-normal leading-[1.7]\">Cualquier disputa relacionada con el uso del sitio web jsemproduction.com est\u00e1 sujeta a las leyes del Principado de Andorra. En caso de litigio, la jurisdicci\u00f3n se atribuye a los tribunales competentes de Andorra la Vella. <\/p><hr class=\"border-border-200 border-t-0.5 my-3 mx-1.5\"><h3 class=\"text-text-100 mt-2 -mb-1 text-base font-bold\">8. Principales leyes afectadas<\/h3><p class=\"font-claude-response-body break-words whitespace-pre-wrap leading-[1.7]\">Ley n\u00ba 78-17 de 6 de enero de 1978 relativa a la inform\u00e1tica, los ficheros y las libertades (modificada por la Ley n\u00ba 2004-801 de 6 de agosto de 2004). Ley n\u00ba 2004-575 de 21 de junio de 2004 sobre la confianza en la econom\u00eda digital. Reglamento General de Protecci\u00f3n de Datos (RGPD) &#8211; Reglamento UE 2016\/679.  <\/p><hr class=\"border-border-200 border-t-0.5 my-3 mx-1.5\"><p class=\"font-claude-response-body break-words whitespace-normal leading-[1.7]\">\u2190 <a class=\"underline underline underline-offset-2 decoration-1 decoration-current\/40 hover:decoration-current focus:decoration-current\" href=\"https:\/\/jsemproduction.com\/es\/\">Volver al inicio &#8211; jsemproduction.com<\/a><\/p><p> <\/p><p class=\"font-claude-response-body break-words whitespace-normal leading-[1.7]\"> <\/p>\t\t\t\t\t\t\t\t<\/div>\n\t\t\t\t\t<\/div>\n\t\t\t\t<\/div>\n\t\t\t\t<\/div>\n\t\t","protected":false},"excerpt":{"rendered":"<p>AVISOS LEGALES 1. Presentaci\u00f3n del sitio De conformidad con el art\u00edculo 6 de la Ley n\u00ba 2004-575, de 21 de junio de 2004, sobre la confianza en la econom\u00eda digital, se informa a los usuarios del sitio jsemproduction.com de la identidad de las distintas partes implicadas en su creaci\u00f3n y seguimiento. Propietario y editor: JSEM [&hellip;]<\/p>\n","protected":false},"author":1,"featured_media":0,"parent":0,"menu_order":0,"comment_status":"closed","ping_status":"closed","template":"elementor_header_footer","meta":{"footnotes":""},"class_list":["post-3929","page","type-page","status-publish","hentry"],"_links":{"self":[{"href":"https:\/\/jsemproduction.com\/es\/wp-json\/wp\/v2\/pages\/3929","targetHints":{"allow":["GET"]}}],"collection":[{"href":"https:\/\/jsemproduction.com\/es\/wp-json\/wp\/v2\/pages"}],"about":[{"href":"https:\/\/jsemproduction.com\/es\/wp-json\/wp\/v2\/types\/page"}],"author":[{"embeddable":true,"href":"https:\/\/jsemproduction.com\/es\/wp-json\/wp\/v2\/users\/1"}],"replies":[{"embeddable":true,"href":"https:\/\/jsemproduction.com\/es\/wp-json\/wp\/v2\/comments?post=3929"}],"version-history":[{"count":1,"href":"https:\/\/jsemproduction.com\/es\/wp-json\/wp\/v2\/pages\/3929\/revisions"}],"predecessor-version":[{"id":3931,"href":"https:\/\/jsemproduction.com\/es\/wp-json\/wp\/v2\/pages\/3929\/revisions\/3931"}],"wp:attachment":[{"href":"https:\/\/jsemproduction.com\/es\/wp-json\/wp\/v2\/media?parent=3929"}],"curies":[{"name":"wp","href":"https:\/\/api.w.org\/{rel}","templated":true}]}}